{"id":8118,"date":"2023-09-03T17:03:39","date_gmt":"2023-09-03T17:03:39","guid":{"rendered":"https:\/\/export-demos.qreativethemes.com\/elementor-physio\/?page_id=8118"},"modified":"2024-10-18T19:19:57","modified_gmt":"2024-10-18T17:19:57","slug":"osteopathe-en-entreprise","status":"publish","type":"page","link":"https:\/\/brault-osteopathe.fr\/index.php\/osteopathe-en-entreprise\/","title":{"rendered":"En entreprise"},"content":{"rendered":"\t\t<div data-elementor-type=\"wp-page\" data-elementor-id=\"8118\" class=\"elementor elementor-8118\">\n\t\t\t\t\t\t<section class=\"elementor-section elementor-top-section elementor-element elementor-element-4e09628 elementor-section-boxed elementor-section-height-default elementor-section-height-default\" data-id=\"4e09628\" data-element_type=\"section\" data-e-type=\"section\">\n\t\t\t\t\t\t<div class=\"elementor-container elementor-column-gap-default\">\n\t\t\t\t\t<div class=\"elementor-column elementor-col-100 elementor-top-column elementor-element elementor-element-0778daa\" data-id=\"0778daa\" data-element_type=\"column\" data-e-type=\"column\">\n\t\t\t<div class=\"elementor-widget-wrap elementor-element-populated\">\n\t\t\t\t\t\t<div class=\"elementor-element elementor-element-9c743a7 elementor-widget elementor-widget-heading\" data-id=\"9c743a7\" data-element_type=\"widget\" data-e-type=\"widget\" data-widget_type=\"heading.default\">\n\t\t\t\t<div class=\"elementor-widget-container\">\n\t\t\t\t\t<h1 class=\"elementor-heading-title elementor-size-default\">Ost\u00e9opathe en entreprise : un bien \u00eatre essentiel pour vos \u00e9quipes<\/h1>\t\t\t\t<\/div>\n\t\t\t\t<\/div>\n\t\t\t\t\t<\/div>\n\t\t<\/div>\n\t\t\t\t\t<\/div>\n\t\t<\/section>\n\t\t\t\t<section class=\"elementor-section elementor-top-section elementor-element elementor-element-7e17799 elementor-section-boxed elementor-section-height-default elementor-section-height-default\" data-id=\"7e17799\" data-element_type=\"section\" data-e-type=\"section\">\n\t\t\t\t\t\t<div class=\"elementor-container elementor-column-gap-default\">\n\t\t\t\t\t<div class=\"elementor-column elementor-col-100 elementor-top-column elementor-element elementor-element-2417334\" data-id=\"2417334\" data-element_type=\"column\" data-e-type=\"column\">\n\t\t\t<div class=\"elementor-widget-wrap elementor-element-populated\">\n\t\t\t\t\t\t<div class=\"elementor-element elementor-element-da3e795 elementor-widget elementor-widget-text-editor\" data-id=\"da3e795\" data-element_type=\"widget\" data-e-type=\"widget\" data-widget_type=\"text-editor.default\">\n\t\t\t\t<div class=\"elementor-widget-container\">\n\t\t\t\t\t\t\t\t\t<h2>Am\u00e9liorez le Bien-\u00eatre de Vos Collaborateurs et Boostez Votre Productivit\u00e9<\/h2><p>L\u2019ost\u00e9opathie en entreprise est une solution innovante pour am\u00e9liorer la qualit\u00e9 de vie au travail. \u00c0 travers des soins pr\u00e9ventifs et curatifs, l\u2019ost\u00e9opathie contribue \u00e0 r\u00e9duire les douleurs musculo-squelettiques, souvent li\u00e9es \u00e0 des postures de travail inad\u00e9quates, au stress ou \u00e0 la r\u00e9p\u00e9tition des mouvements.<\/p><h3>Pourquoi Introduire un Ost\u00e9opathe en Entreprise ?<\/h3><h4><em><strong>1. Pr\u00e9vention des troubles musculo-squelettiques<\/strong> <\/em>(TMS)<\/h4><p>Les TMS sont l\u2019une des principales causes d\u2019absent\u00e9isme en entreprise. L\u2019ost\u00e9opathie aide \u00e0 pr\u00e9venir et traiter ces troubles, permettant ainsi \u00e0 vos collaborateurs de rester performants et en bonne sant\u00e9.<\/p><h4><em><strong>2. R\u00e9duction de l\u2019absent\u00e9isme et du turnover<\/strong><\/em><\/h4><p>En prenant soin de la sant\u00e9 physique et psychologique de vos \u00e9quipes, vous r\u00e9duisez les arr\u00eats maladie et favorisez la fid\u00e9lit\u00e9 de vos collaborateurs.<\/p><h4><em><strong>3. Am\u00e9lioration du bien-\u00eatre au travail<\/strong><\/em><\/h4><p>Un collaborateur en bonne sant\u00e9 est un collaborateur plus motiv\u00e9 et engag\u00e9. L\u2019ost\u00e9opathie permet de soulager les tensions, de diminuer le stress, et de renforcer le sentiment de bien-\u00eatre g\u00e9n\u00e9ral.<\/p><h4><em><strong>4. Gain de productivit\u00e9<\/strong><\/em><\/h4><p>Des employ\u00e9s en pleine forme, c\u2019est une entreprise plus efficace. En r\u00e9duisant la fatigue et les douleurs, l\u2019ost\u00e9opathie permet d\u2019optimiser la performance de vos \u00e9quipes.<\/p><h3>Comment se d\u00e9roule <a href=\"https:\/\/brault-osteopathe.fr\/index.php\/au-cabinet\/consultation\/\">une s\u00e9ance d\u2019ost\u00e9opathie<\/a> en entreprise ?<\/h3><p>Les consultations d\u2019ost\u00e9opathie se d\u00e9roulent directement dans vos locaux, dans un espace d\u00e9di\u00e9. Chaque s\u00e9ance, d\u2019une dur\u00e9e de 30 \u00e0 45 minutes, est adapt\u00e9e aux besoins individuels de chaque collaborateur. Nous travaillons sur des pathologies courantes li\u00e9es au travail de bureau, comme :<\/p><p>\u2022 Douleurs cervicales et lombaires<\/p><p>\u2022 Tensions musculaires<\/p><p>\u2022 Troubles li\u00e9s \u00e0 une mauvaise posture<\/p><p>\u2022 Stress et fatigue<\/p><h4>Une Approche Personnalis\u00e9e pour Votre Entreprise<\/h4><p>Chaque entreprise est unique, c\u2019est pourquoi je vous propose des programmes d\u2019ost\u00e9opathie sur-mesure, adapt\u00e9s \u00e0 la taille de votre structure et aux besoins sp\u00e9cifiques de vos collaborateurs. Que ce soit pour des interventions ponctuelles ou r\u00e9guli\u00e8res, nous adaptons notre approche pour r\u00e9pondre au mieux \u00e0 vos attentes.<\/p><h4>Les Avantages d\u2019un Partenariat avec votre ost\u00e9opathe en entreprise<\/h4><p>\u2022 Interventions sur site : Plus besoin de d\u00e9placements pour vos employ\u00e9s, nous nous d\u00e9pla\u00e7ons dans vos locaux.<\/p><p>\u2022 Flexibilit\u00e9 :\u00a0 Ajustement des horaires et jours d\u2019intervention en fonction de votre organisation.<\/p><p>\u2022 Professionnalisme : Ost\u00e9opathe exp\u00e9riment\u00e9, form\u00e9s aux besoins sp\u00e9cifiques des professionnels en entreprise.<\/p><p>\u2022 Simplicit\u00e9 logistique : Un minimum d\u2019organisation de votre c\u00f4t\u00e9, nous prenons tout en charge pour installer notre espace de consultation.<\/p><p>\u2022 Aides financi\u00e8res : Diff\u00e9rentes <span class=\"OYPEnA font-feature-liga-off font-feature-clig-off font-feature-calt-off text-decoration-none text-strikethrough-none\">subventions permettent de financer partiellement, voire totalement les interventions <\/span><\/p><h2>Contactez-moi : remplissez le formulaire de contact<\/h2><p>Offrez \u00e0 vos \u00e9quipes un service qui allie sant\u00e9 et performance. Pour en savoir plus sur nos interventions en entreprise ou pour mettre en place un partenariat, contactez-moi d\u00e8s aujourd\u2019hui. Je serai ravis de discuter de vos besoins sp\u00e9cifiques.<\/p>\t\t\t\t\t\t\t\t<\/div>\n\t\t\t\t<\/div>\n\t\t\t\t\t<\/div>\n\t\t<\/div>\n\t\t\t\t\t<\/div>\n\t\t<\/section>\n\t\t\t\t<section class=\"elementor-section elementor-top-section elementor-element elementor-element-560b199 elementor-section-boxed elementor-section-height-default elementor-section-height-default\" data-id=\"560b199\" data-element_type=\"section\" data-e-type=\"section\">\n\t\t\t\t\t\t<div class=\"elementor-container elementor-column-gap-default\">\n\t\t\t\t\t<div class=\"elementor-column elementor-col-100 elementor-top-column elementor-element elementor-element-d3f735d\" data-id=\"d3f735d\" data-element_type=\"column\" data-e-type=\"column\">\n\t\t\t<div class=\"elementor-widget-wrap elementor-element-populated\">\n\t\t\t\t\t\t<div class=\"elementor-element elementor-element-3b584c2 elementor-widget elementor-widget-spacer\" data-id=\"3b584c2\" data-element_type=\"widget\" data-e-type=\"widget\" data-widget_type=\"spacer.default\">\n\t\t\t\t<div class=\"elementor-widget-container\">\n\t\t\t\t\t\t\t<div class=\"elementor-spacer\">\n\t\t\t<div class=\"elementor-spacer-inner\"><\/div>\n\t\t<\/div>\n\t\t\t\t\t\t<\/div>\n\t\t\t\t<\/div>\n\t\t\t\t\t<\/div>\n\t\t<\/div>\n\t\t\t\t\t<\/div>\n\t\t<\/section>\n\t\t\t\t<section class=\"elementor-section elementor-top-section elementor-element elementor-element-ba8d722 elementor-section-boxed elementor-section-height-default elementor-section-height-default\" data-id=\"ba8d722\" data-element_type=\"section\" data-e-type=\"section\">\n\t\t\t\t\t\t<div class=\"elementor-container elementor-column-gap-default\">\n\t\t\t\t\t<div class=\"elementor-column elementor-col-100 elementor-top-column elementor-element elementor-element-0b477cc\" data-id=\"0b477cc\" data-element_type=\"column\" data-e-type=\"column\">\n\t\t\t<div class=\"elementor-widget-wrap elementor-element-populated\">\n\t\t\t\t\t\t<div class=\"elementor-element elementor-element-a9f3e28 elementor-align-center elementor-widget elementor-widget-qt-brochure\" data-id=\"a9f3e28\" data-element_type=\"widget\" data-e-type=\"widget\" data-widget_type=\"qt-brochure.default\">\n\t\t\t\t<div class=\"elementor-widget-container\">\n\t\t\t\t\t\n        <a href=\"https:\/\/brault-osteopathe.fr\/wp-content\/uploads\/2024\/10\/Brochure-osteopathie-en-entreprise-Axel-BRAULT-.pdf\" class=\"brochure\" target=\"_blank\">\n                            <svg aria-hidden=\"true\" class=\"e-font-icon-svg e-fas-file-pdf\" viewBox=\"0 0 384 512\" xmlns=\"http:\/\/www.w3.org\/2000\/svg\"><path d=\"M181.9 256.1c-5-16-4.9-46.9-2-46.9 8.4 0 7.6 36.9 2 46.9zm-1.7 47.2c-7.7 20.2-17.3 43.3-28.4 62.7 18.3-7 39-17.2 62.9-21.9-12.7-9.6-24.9-23.4-34.5-40.8zM86.1 428.1c0 .8 13.2-5.4 34.9-40.2-6.7 6.3-29.1 24.5-34.9 40.2zM248 160h136v328c0 13.3-10.7 24-24 24H24c-13.3 0-24-10.7-24-24V24C0 10.7 10.7 0 24 0h200v136c0 13.2 10.8 24 24 24zm-8 171.8c-20-12.2-33.3-29-42.7-53.8 4.5-18.5 11.6-46.6 6.2-64.2-4.7-29.4-42.4-26.5-47.8-6.8-5 18.3-.4 44.1 8.1 77-11.6 27.6-28.7 64.6-40.8 85.8-.1 0-.1.1-.2.1-27.1 13.9-73.6 44.5-54.5 68 5.6 6.9 16 10 21.5 10 17.9 0 35.7-18 61.1-61.8 25.8-8.5 54.1-19.1 79-23.2 21.7 11.8 47.1 19.5 64 19.5 29.2 0 31.2-32 19.7-43.4-13.9-13.6-54.3-9.7-73.6-7.2zM377 105L279 7c-4.5-4.5-10.6-7-17-7h-6v128h128v-6.1c0-6.3-2.5-12.4-7-16.9zm-74.1 255.3c4.1-2.7-2.5-11.9-42.8-9 37.1 15.8 42.8 9 42.8 9z\"><\/path><\/svg>                                        <span>Voir la brochure ost\u00e9opathie en entreprise<\/span>\n                    <\/a>\n        \n    \t\t\t\t<\/div>\n\t\t\t\t<\/div>\n\t\t\t\t\t<\/div>\n\t\t<\/div>\n\t\t\t\t\t<\/div>\n\t\t<\/section>\n\t\t\t\t<section class=\"elementor-section elementor-top-section elementor-element elementor-element-44c5f1a elementor-section-boxed elementor-section-height-default elementor-section-height-default\" data-id=\"44c5f1a\" data-element_type=\"section\" data-e-type=\"section\">\n\t\t\t\t\t\t<div class=\"elementor-container elementor-column-gap-default\">\n\t\t\t\t\t<div class=\"elementor-column elementor-col-100 elementor-top-column elementor-element elementor-element-7f26272\" data-id=\"7f26272\" data-element_type=\"column\" data-e-type=\"column\">\n\t\t\t<div class=\"elementor-widget-wrap elementor-element-populated\">\n\t\t\t\t\t\t<div class=\"elementor-element elementor-element-de4a694 elementor-widget elementor-widget-spacer\" data-id=\"de4a694\" data-element_type=\"widget\" data-e-type=\"widget\" data-widget_type=\"spacer.default\">\n\t\t\t\t<div class=\"elementor-widget-container\">\n\t\t\t\t\t\t\t<div class=\"elementor-spacer\">\n\t\t\t<div class=\"elementor-spacer-inner\"><\/div>\n\t\t<\/div>\n\t\t\t\t\t\t<\/div>\n\t\t\t\t<\/div>\n\t\t\t\t<div class=\"elementor-element elementor-element-ac7e5dd elementor-widget elementor-widget-heading\" data-id=\"ac7e5dd\" data-element_type=\"widget\" data-e-type=\"widget\" data-widget_type=\"heading.default\">\n\t\t\t\t<div class=\"elementor-widget-container\">\n\t\t\t\t\t<h2 class=\"elementor-heading-title elementor-size-default\">Formulaire de contact<\/h2>\t\t\t\t<\/div>\n\t\t\t\t<\/div>\n\t\t\t\t<div class=\"elementor-element elementor-element-824fb65 elementor-widget elementor-widget-qt-contact-form-7\" data-id=\"824fb65\" data-element_type=\"widget\" data-e-type=\"widget\" data-widget_type=\"qt-contact-form-7.default\">\n\t\t\t\t<div class=\"elementor-widget-container\">\n\t\t\t\t\t\n<div class=\"wpcf7 no-js\" id=\"wpcf7-f7235-o1\" lang=\"en-US\" dir=\"ltr\" data-wpcf7-id=\"7235\">\n<div class=\"screen-reader-response\"><p role=\"status\" aria-live=\"polite\" aria-atomic=\"true\"><\/p> <ul><\/ul><\/div>\n<form action=\"\/index.php\/wp-json\/wp\/v2\/pages\/8118#wpcf7-f7235-o1\" method=\"post\" class=\"wpcf7-form init\" aria-label=\"Contact form\" novalidate=\"novalidate\" data-status=\"init\">\n<fieldset class=\"hidden-fields-container\"><input type=\"hidden\" name=\"_wpcf7\" value=\"7235\" \/><input type=\"hidden\" name=\"_wpcf7_version\" value=\"6.1.5\" \/><input type=\"hidden\" name=\"_wpcf7_locale\" value=\"en_US\" \/><input type=\"hidden\" name=\"_wpcf7_unit_tag\" value=\"wpcf7-f7235-o1\" \/><input type=\"hidden\" name=\"_wpcf7_container_post\" value=\"0\" \/><input type=\"hidden\" name=\"_wpcf7_posted_data_hash\" value=\"\" \/>\n<\/fieldset>\n<div class=\"questionform white-featured-box\">\n\t<div class=\"row\">\n\t\t<div class=\"col-xs-12 col-md-6\">\n\t\t\t<p><span class=\"wpcf7-form-control-wrap\" data-name=\"your-name\"><input size=\"40\" maxlength=\"400\" class=\"wpcf7-form-control wpcf7-text wpcf7-validates-as-required\" aria-required=\"true\" aria-invalid=\"false\" placeholder=\"Nom complet *\" value=\"\" type=\"text\" name=\"your-name\" \/><\/span><span class=\"wpcf7-form-control-wrap\" data-name=\"your-email\"><input size=\"40\" maxlength=\"400\" class=\"wpcf7-form-control wpcf7-email wpcf7-validates-as-required wpcf7-text wpcf7-validates-as-email\" aria-required=\"true\" aria-invalid=\"false\" placeholder=\"Adresse e-mail *\" value=\"\" type=\"email\" name=\"your-email\" \/><\/span><span class=\"wpcf7-form-control-wrap\" data-name=\"your-phone\"><input size=\"40\" maxlength=\"400\" class=\"wpcf7-form-control wpcf7-tel wpcf7-validates-as-required wpcf7-text wpcf7-validates-as-tel\" aria-required=\"true\" aria-invalid=\"false\" placeholder=\"Num\u00e9ro de t\u00e9l\u00e9phone *\" value=\"\" type=\"tel\" name=\"your-phone\" \/><\/span><span class=\"wpcf7-form-control-wrap\" data-name=\"your-name\"><input size=\"40\" maxlength=\"400\" class=\"wpcf7-form-control wpcf7-text\" aria-invalid=\"false\" placeholder=\"Nombre de salari\u00e9s concern\u00e9s (environ)\" value=\"\" type=\"text\" name=\"your-name\" \/><\/span><span class=\"wpcf7-form-control-wrap\" data-name=\"your-name\"><input size=\"40\" maxlength=\"400\" class=\"wpcf7-form-control wpcf7-text\" aria-invalid=\"false\" placeholder=\"Type d&#039;activit\u00e9\" value=\"\" type=\"text\" name=\"your-name\" \/><\/span>\n\t\t\t<\/p>\n\t\t<\/div>\n\t\t<div class=\"col-xs-12 col-md-6\">\n\t\t\t<p><span class=\"wpcf7-form-control-wrap\" data-name=\"your-name\"><input size=\"40\" maxlength=\"400\" class=\"wpcf7-form-control wpcf7-text\" aria-invalid=\"false\" placeholder=\"Adresse de l&#039;entreprise\" value=\"\" type=\"text\" name=\"your-name\" \/><\/span><span class=\"wpcf7-form-control-wrap\" data-name=\"your-subject\"><input size=\"40\" maxlength=\"400\" class=\"wpcf7-form-control wpcf7-text wpcf7-validates-as-required\" aria-required=\"true\" aria-invalid=\"false\" placeholder=\"Sujet (Devis, prise information...)\" value=\"\" type=\"text\" name=\"your-subject\" \/><\/span><span class=\"wpcf7-form-control-wrap\" data-name=\"your-message\"><textarea cols=\"40\" rows=\"10\" maxlength=\"2000\" class=\"wpcf7-form-control wpcf7-textarea wpcf7-validates-as-required\" aria-required=\"true\" aria-invalid=\"false\" placeholder=\"\u00c9crire sa demande\" name=\"your-message\"><\/textarea><\/span><input class=\"wpcf7-form-control wpcf7-submit has-spinner btn btn-primary pull-right fullwidth\" type=\"submit\" value=\"Envoyer\" \/>\n\t\t\t<\/p>\n\t\t<\/div>\n\t<\/div>\n<\/div><div class=\"wpcf7-response-output\" aria-hidden=\"true\"><\/div>\n<\/form>\n<\/div>\n\t\t\t\t<\/div>\n\t\t\t\t<\/div>\n\t\t\t\t<div class=\"elementor-element elementor-element-7908671 elementor-widget elementor-widget-image\" data-id=\"7908671\" data-element_type=\"widget\" data-e-type=\"widget\" data-widget_type=\"image.default\">\n\t\t\t\t<div class=\"elementor-widget-container\">\n\t\t\t\t\t\t\t\t\t\t\t\t\t\t\t<img fetchpriority=\"high\" decoding=\"async\" width=\"768\" height=\"432\" src=\"https:\/\/brault-osteopathe.fr\/wp-content\/uploads\/2024\/10\/Logo-blanc-format-web-768x432.png\" class=\"attachment-medium_large size-medium_large wp-image-22\" alt=\"Ost\u00e9opathe en entreprise - Axel Brault, informations et contact\" srcset=\"https:\/\/brault-osteopathe.fr\/wp-content\/uploads\/2024\/10\/Logo-blanc-format-web-768x432.png 768w, https:\/\/brault-osteopathe.fr\/wp-content\/uploads\/2024\/10\/Logo-blanc-format-web-300x169.png 300w, https:\/\/brault-osteopathe.fr\/wp-content\/uploads\/2024\/10\/Logo-blanc-format-web-1024x576.png 1024w, https:\/\/brault-osteopathe.fr\/wp-content\/uploads\/2024\/10\/Logo-blanc-format-web-1536x864.png 1536w, https:\/\/brault-osteopathe.fr\/wp-content\/uploads\/2024\/10\/Logo-blanc-format-web.png 1920w\" sizes=\"(max-width: 768px) 100vw, 768px\" \/>\t\t\t\t\t\t\t\t\t\t\t\t\t\t\t<\/div>\n\t\t\t\t<\/div>\n\t\t\t\t\t<\/div>\n\t\t<\/div>\n\t\t\t\t\t<\/div>\n\t\t<\/section>\n\t\t\t\t<\/div>\n\t\t","protected":false},"excerpt":{"rendered":"<p>Ost\u00e9opathe en entreprise : un bien \u00eatre essentiel pour vos \u00e9quipes Am\u00e9liorez le Bien-\u00eatre de Vos Collaborateurs et Boostez Votre Productivit\u00e9 L\u2019ost\u00e9opathie en entreprise est une solution innovante pour am\u00e9liorer la qualit\u00e9 de vie au travail. \u00c0 travers des soins pr\u00e9ventifs et curatifs, l\u2019ost\u00e9opathie contribue \u00e0 r\u00e9duire les douleurs musculo-squelettiques, souvent li\u00e9es \u00e0 des postures [&hellip;]<\/p>\n","protected":false},"author":5,"featured_media":0,"parent":0,"menu_order":0,"comment_status":"closed","ping_status":"closed","template":"","meta":{"_acf_changed":false,"footnotes":""},"class_list":["post-8118","page","type-page","status-publish","hentry"],"acf":[],"yoast_head":"<!-- This site is optimized with the Yoast SEO plugin v27.5 - https:\/\/yoast.com\/product\/yoast-seo-wordpress\/ -->\n<title>Ost\u00e9opathe en entreprise - Axel BRAULT<\/title>\n<meta name=\"description\" content=\"Retrouvez toutes les informations (d\u00e9roul\u00e9 et aides) ainsi que le formulaire de contact pour votre ost\u00e9opathe en entreprise...\" \/>\n<meta name=\"robots\" content=\"index, follow, max-snippet:-1, max-image-preview:large, max-video-preview:-1\" \/>\n<link rel=\"canonical\" href=\"https:\/\/brault-osteopathe.fr\/index.php\/osteopathe-en-entreprise\/\" \/>\n<meta property=\"og:locale\" content=\"fr_FR\" \/>\n<meta property=\"og:type\" content=\"article\" \/>\n<meta property=\"og:title\" content=\"Ost\u00e9opathe en entreprise - Axel BRAULT\" \/>\n<meta property=\"og:description\" content=\"Retrouvez toutes les informations (d\u00e9roul\u00e9 et aides) ainsi que le formulaire de contact pour votre ost\u00e9opathe en entreprise...\" \/>\n<meta property=\"og:url\" content=\"https:\/\/brault-osteopathe.fr\/index.php\/osteopathe-en-entreprise\/\" \/>\n<meta property=\"og:site_name\" content=\"AB Ost\u00e9opathie\" \/>\n<meta property=\"article:modified_time\" content=\"2024-10-18T17:19:57+00:00\" \/>\n<meta property=\"og:image\" content=\"https:\/\/brault-osteopathe.fr\/wp-content\/uploads\/2024\/10\/Logo-blanc-format-web.png\" \/>\n\t<meta property=\"og:image:width\" content=\"1920\" \/>\n\t<meta property=\"og:image:height\" content=\"1080\" \/>\n\t<meta property=\"og:image:type\" content=\"image\/png\" \/>\n<meta name=\"twitter:card\" content=\"summary_large_image\" \/>\n<meta name=\"twitter:label1\" content=\"Dur\u00e9e de lecture estim\u00e9e\" \/>\n\t<meta name=\"twitter:data1\" content=\"3 minutes\" \/>\n<script type=\"application\/ld+json\" class=\"yoast-schema-graph\">{\"@context\":\"https:\\\/\\\/schema.org\",\"@graph\":[{\"@type\":\"WebPage\",\"@id\":\"https:\\\/\\\/brault-osteopathe.fr\\\/index.php\\\/osteopathe-en-entreprise\\\/\",\"url\":\"https:\\\/\\\/brault-osteopathe.fr\\\/index.php\\\/osteopathe-en-entreprise\\\/\",\"name\":\"Ost\u00e9opathe en entreprise - Axel BRAULT\",\"isPartOf\":{\"@id\":\"https:\\\/\\\/brault-osteopathe.fr\\\/#website\"},\"primaryImageOfPage\":{\"@id\":\"https:\\\/\\\/brault-osteopathe.fr\\\/index.php\\\/osteopathe-en-entreprise\\\/#primaryimage\"},\"image\":{\"@id\":\"https:\\\/\\\/brault-osteopathe.fr\\\/index.php\\\/osteopathe-en-entreprise\\\/#primaryimage\"},\"thumbnailUrl\":\"https:\\\/\\\/brault-osteopathe.fr\\\/wp-content\\\/uploads\\\/2024\\\/10\\\/Logo-blanc-format-web-768x432.png\",\"datePublished\":\"2023-09-03T17:03:39+00:00\",\"dateModified\":\"2024-10-18T17:19:57+00:00\",\"description\":\"Retrouvez toutes les informations (d\u00e9roul\u00e9 et aides) ainsi que le formulaire de contact pour votre ost\u00e9opathe en entreprise...\",\"breadcrumb\":{\"@id\":\"https:\\\/\\\/brault-osteopathe.fr\\\/index.php\\\/osteopathe-en-entreprise\\\/#breadcrumb\"},\"inLanguage\":\"fr-FR\",\"potentialAction\":[{\"@type\":\"ReadAction\",\"target\":[\"https:\\\/\\\/brault-osteopathe.fr\\\/index.php\\\/osteopathe-en-entreprise\\\/\"]}]},{\"@type\":\"ImageObject\",\"inLanguage\":\"fr-FR\",\"@id\":\"https:\\\/\\\/brault-osteopathe.fr\\\/index.php\\\/osteopathe-en-entreprise\\\/#primaryimage\",\"url\":\"https:\\\/\\\/brault-osteopathe.fr\\\/wp-content\\\/uploads\\\/2024\\\/10\\\/Logo-blanc-format-web.png\",\"contentUrl\":\"https:\\\/\\\/brault-osteopathe.fr\\\/wp-content\\\/uploads\\\/2024\\\/10\\\/Logo-blanc-format-web.png\",\"width\":1920,\"height\":1080,\"caption\":\"Ost\u00e9opathe en entreprise - Axel Brault, informations et contact\"},{\"@type\":\"BreadcrumbList\",\"@id\":\"https:\\\/\\\/brault-osteopathe.fr\\\/index.php\\\/osteopathe-en-entreprise\\\/#breadcrumb\",\"itemListElement\":[{\"@type\":\"ListItem\",\"position\":1,\"name\":\"Accueil\",\"item\":\"https:\\\/\\\/brault-osteopathe.fr\\\/\"},{\"@type\":\"ListItem\",\"position\":2,\"name\":\"En entreprise\"}]},{\"@type\":\"WebSite\",\"@id\":\"https:\\\/\\\/brault-osteopathe.fr\\\/#website\",\"url\":\"https:\\\/\\\/brault-osteopathe.fr\\\/\",\"name\":\"AB Ost\u00e9opathie\",\"description\":\"Votre ost\u00e9opathe \u00e0 Asni\u00e8res sur Oise\",\"potentialAction\":[{\"@type\":\"SearchAction\",\"target\":{\"@type\":\"EntryPoint\",\"urlTemplate\":\"https:\\\/\\\/brault-osteopathe.fr\\\/?s={search_term_string}\"},\"query-input\":{\"@type\":\"PropertyValueSpecification\",\"valueRequired\":true,\"valueName\":\"search_term_string\"}}],\"inLanguage\":\"fr-FR\"}]}<\/script>\n<!-- \/ Yoast SEO plugin. -->","yoast_head_json":{"title":"Ost\u00e9opathe en entreprise - Axel BRAULT","description":"Retrouvez toutes les informations (d\u00e9roul\u00e9 et aides) ainsi que le formulaire de contact pour votre ost\u00e9opathe en entreprise...","robots":{"index":"index","follow":"follow","max-snippet":"max-snippet:-1","max-image-preview":"max-image-preview:large","max-video-preview":"max-video-preview:-1"},"canonical":"https:\/\/brault-osteopathe.fr\/index.php\/osteopathe-en-entreprise\/","og_locale":"fr_FR","og_type":"article","og_title":"Ost\u00e9opathe en entreprise - Axel BRAULT","og_description":"Retrouvez toutes les informations (d\u00e9roul\u00e9 et aides) ainsi que le formulaire de contact pour votre ost\u00e9opathe en entreprise...","og_url":"https:\/\/brault-osteopathe.fr\/index.php\/osteopathe-en-entreprise\/","og_site_name":"AB Ost\u00e9opathie","article_modified_time":"2024-10-18T17:19:57+00:00","og_image":[{"width":1920,"height":1080,"url":"https:\/\/brault-osteopathe.fr\/wp-content\/uploads\/2024\/10\/Logo-blanc-format-web.png","type":"image\/png"}],"twitter_card":"summary_large_image","twitter_misc":{"Dur\u00e9e de lecture estim\u00e9e":"3 minutes"},"schema":{"@context":"https:\/\/schema.org","@graph":[{"@type":"WebPage","@id":"https:\/\/brault-osteopathe.fr\/index.php\/osteopathe-en-entreprise\/","url":"https:\/\/brault-osteopathe.fr\/index.php\/osteopathe-en-entreprise\/","name":"Ost\u00e9opathe en entreprise - Axel BRAULT","isPartOf":{"@id":"https:\/\/brault-osteopathe.fr\/#website"},"primaryImageOfPage":{"@id":"https:\/\/brault-osteopathe.fr\/index.php\/osteopathe-en-entreprise\/#primaryimage"},"image":{"@id":"https:\/\/brault-osteopathe.fr\/index.php\/osteopathe-en-entreprise\/#primaryimage"},"thumbnailUrl":"https:\/\/brault-osteopathe.fr\/wp-content\/uploads\/2024\/10\/Logo-blanc-format-web-768x432.png","datePublished":"2023-09-03T17:03:39+00:00","dateModified":"2024-10-18T17:19:57+00:00","description":"Retrouvez toutes les informations (d\u00e9roul\u00e9 et aides) ainsi que le formulaire de contact pour votre ost\u00e9opathe en entreprise...","breadcrumb":{"@id":"https:\/\/brault-osteopathe.fr\/index.php\/osteopathe-en-entreprise\/#breadcrumb"},"inLanguage":"fr-FR","potentialAction":[{"@type":"ReadAction","target":["https:\/\/brault-osteopathe.fr\/index.php\/osteopathe-en-entreprise\/"]}]},{"@type":"ImageObject","inLanguage":"fr-FR","@id":"https:\/\/brault-osteopathe.fr\/index.php\/osteopathe-en-entreprise\/#primaryimage","url":"https:\/\/brault-osteopathe.fr\/wp-content\/uploads\/2024\/10\/Logo-blanc-format-web.png","contentUrl":"https:\/\/brault-osteopathe.fr\/wp-content\/uploads\/2024\/10\/Logo-blanc-format-web.png","width":1920,"height":1080,"caption":"Ost\u00e9opathe en entreprise - Axel Brault, informations et contact"},{"@type":"BreadcrumbList","@id":"https:\/\/brault-osteopathe.fr\/index.php\/osteopathe-en-entreprise\/#breadcrumb","itemListElement":[{"@type":"ListItem","position":1,"name":"Accueil","item":"https:\/\/brault-osteopathe.fr\/"},{"@type":"ListItem","position":2,"name":"En entreprise"}]},{"@type":"WebSite","@id":"https:\/\/brault-osteopathe.fr\/#website","url":"https:\/\/brault-osteopathe.fr\/","name":"AB Ost\u00e9opathie","description":"Votre ost\u00e9opathe \u00e0 Asni\u00e8res sur Oise","potentialAction":[{"@type":"SearchAction","target":{"@type":"EntryPoint","urlTemplate":"https:\/\/brault-osteopathe.fr\/?s={search_term_string}"},"query-input":{"@type":"PropertyValueSpecification","valueRequired":true,"valueName":"search_term_string"}}],"inLanguage":"fr-FR"}]}},"_links":{"self":[{"href":"https:\/\/brault-osteopathe.fr\/index.php\/wp-json\/wp\/v2\/pages\/8118","targetHints":{"allow":["GET"]}}],"collection":[{"href":"https:\/\/brault-osteopathe.fr\/index.php\/wp-json\/wp\/v2\/pages"}],"about":[{"href":"https:\/\/brault-osteopathe.fr\/index.php\/wp-json\/wp\/v2\/types\/page"}],"author":[{"embeddable":true,"href":"https:\/\/brault-osteopathe.fr\/index.php\/wp-json\/wp\/v2\/users\/5"}],"replies":[{"embeddable":true,"href":"https:\/\/brault-osteopathe.fr\/index.php\/wp-json\/wp\/v2\/comments?post=8118"}],"version-history":[{"count":72,"href":"https:\/\/brault-osteopathe.fr\/index.php\/wp-json\/wp\/v2\/pages\/8118\/revisions"}],"predecessor-version":[{"id":8677,"href":"https:\/\/brault-osteopathe.fr\/index.php\/wp-json\/wp\/v2\/pages\/8118\/revisions\/8677"}],"wp:attachment":[{"href":"https:\/\/brault-osteopathe.fr\/index.php\/wp-json\/wp\/v2\/media?parent=8118"}],"curies":[{"name":"wp","href":"https:\/\/api.w.org\/{rel}","templated":true}]}}