{"id":8103,"date":"2023-09-03T16:34:58","date_gmt":"2023-09-03T16:34:58","guid":{"rendered":"https:\/\/export-demos.qreativethemes.com\/elementor-physio\/?page_id=8103"},"modified":"2024-11-05T16:06:01","modified_gmt":"2024-11-05T15:06:01","slug":"contact-axel-brault","status":"publish","type":"page","link":"https:\/\/brault-osteopathe.fr\/index.php\/contact-axel-brault\/","title":{"rendered":"Contact"},"content":{"rendered":"\t\t<div data-elementor-type=\"wp-page\" data-elementor-id=\"8103\" class=\"elementor elementor-8103\">\n\t\t\t\t\t\t<section class=\"elementor-section elementor-top-section elementor-element elementor-element-d7dacd0 elementor-section-content-top elementor-section-boxed elementor-section-height-default elementor-section-height-default\" data-id=\"d7dacd0\" data-element_type=\"section\" data-e-type=\"section\">\n\t\t\t\t\t\t<div class=\"elementor-container elementor-column-gap-wide\">\n\t\t\t\t\t<div class=\"elementor-column elementor-col-50 elementor-top-column elementor-element elementor-element-695f823\" data-id=\"695f823\" data-element_type=\"column\" data-e-type=\"column\">\n\t\t\t<div class=\"elementor-widget-wrap elementor-element-populated\">\n\t\t\t\t\t\t<section class=\"elementor-section elementor-inner-section elementor-element elementor-element-254b2c5 elementor-section-boxed elementor-section-height-default elementor-section-height-default\" data-id=\"254b2c5\" data-element_type=\"section\" data-e-type=\"section\" data-settings=\"{&quot;background_background&quot;:&quot;classic&quot;}\">\n\t\t\t\t\t\t<div class=\"elementor-container elementor-column-gap-default\">\n\t\t\t\t\t<div class=\"elementor-column elementor-col-100 elementor-inner-column elementor-element elementor-element-32360ef featured-box\" data-id=\"32360ef\" data-element_type=\"column\" data-e-type=\"column\" data-settings=\"{&quot;background_background&quot;:&quot;classic&quot;}\">\n\t\t\t<div class=\"elementor-widget-wrap elementor-element-populated\">\n\t\t\t\t\t\t<div class=\"elementor-element elementor-element-1c5af7f elementor-widget elementor-widget-text-editor\" data-id=\"1c5af7f\" data-element_type=\"widget\" data-e-type=\"widget\" data-widget_type=\"text-editor.default\">\n\t\t\t\t<div class=\"elementor-widget-container\">\n\t\t\t\t\t\t\t\t\t<p><span style=\"color: #ffffff;\"><strong>LE CABINET<\/strong><\/span><\/p><p>Axel BRAULT ost\u00e9opathe D.O.<\/p><p>7 rue de l&rsquo;atelier<\/p><p>Maison de sant\u00e9 de Royaumont<\/p><p>95270 Asni\u00e8res sur Oise<\/p>\t\t\t\t\t\t\t\t<\/div>\n\t\t\t\t<\/div>\n\t\t\t\t<div class=\"elementor-element elementor-element-f9964f2 elementor-widget elementor-widget-text-editor\" data-id=\"f9964f2\" data-element_type=\"widget\" data-e-type=\"widget\" data-widget_type=\"text-editor.default\">\n\t\t\t\t<div class=\"elementor-widget-container\">\n\t\t\t\t\t\t\t\t\t<hr \/><p>\u00a0<\/p>\t\t\t\t\t\t\t\t<\/div>\n\t\t\t\t<\/div>\n\t\t\t\t<div class=\"elementor-element elementor-element-742600b elementor-widget elementor-widget-text-editor\" data-id=\"742600b\" data-element_type=\"widget\" data-e-type=\"widget\" data-widget_type=\"text-editor.default\">\n\t\t\t\t<div class=\"elementor-widget-container\">\n\t\t\t\t\t\t\t\t\t<p><strong><span style=\"color: #ffffff;\">Num\u00e9ro de t\u00e9l\u00e9phone :<\/span><\/strong><\/p><p><a href=\"tel:0609746741\">06.09.74.67.41<\/a><\/p>\t\t\t\t\t\t\t\t<\/div>\n\t\t\t\t<\/div>\n\t\t\t\t<div class=\"elementor-element elementor-element-8037880 elementor-widget elementor-widget-text-editor\" data-id=\"8037880\" data-element_type=\"widget\" data-e-type=\"widget\" data-widget_type=\"text-editor.default\">\n\t\t\t\t<div class=\"elementor-widget-container\">\n\t\t\t\t\t\t\t\t\t<hr \/><p>\u00a0<\/p>\t\t\t\t\t\t\t\t<\/div>\n\t\t\t\t<\/div>\n\t\t\t\t<div class=\"elementor-element elementor-element-e6d9e88 elementor-widget elementor-widget-text-editor\" data-id=\"e6d9e88\" data-element_type=\"widget\" data-e-type=\"widget\" data-widget_type=\"text-editor.default\">\n\t\t\t\t<div class=\"elementor-widget-container\">\n\t\t\t\t\t\t\t\t\t<p><a href=\"https:\/\/brault-osteopathe.fr\/index.php\/osteopathe-en-entreprise\/\">Formulaire de contact pour prestation en entreprise<\/a><\/p>\t\t\t\t\t\t\t\t<\/div>\n\t\t\t\t<\/div>\n\t\t\t\t\t<\/div>\n\t\t<\/div>\n\t\t\t\t\t<\/div>\n\t\t<\/section>\n\t\t\t\t<div class=\"elementor-element elementor-element-dd9da8a elementor-widget elementor-widget-qt-custom-heading\" data-id=\"dd9da8a\" data-element_type=\"widget\" data-e-type=\"widget\" data-widget_type=\"qt-custom-heading.default\">\n\t\t\t\t<div class=\"elementor-widget-container\">\n\t\t\t\t\t            <div class=\"custom-heading\">\n                <h3 class=\"widget-title\"><span class=\"normal\">Heures<\/span> d'ouvertures<\/h3>\n            <\/div>\n        \t\t\t\t<\/div>\n\t\t\t\t<\/div>\n\t\t\t\t<div class=\"elementor-element elementor-element-490870c elementor-widget elementor-widget-qt-opening-hours\" data-id=\"490870c\" data-element_type=\"widget\" data-e-type=\"widget\" data-widget_type=\"qt-opening-hours.default\">\n\t\t\t\t<div class=\"elementor-widget-container\">\n\t\t\t\t\t<div class=\"opening-hours\"><ul><li class=\"weekday\">Lundi<span class=\"right\">10:00 - 20:00<\/span><\/li><li class=\"weekday\">Mardi<span class=\"right\">10:00 - 20:00<\/span><\/li><li class=\"weekday\">Mercredi<span class=\"right\">08:00 - 20:00<\/span><\/li><li class=\"weekday\">Jeudi<span class=\"right\">14:00 - 18:00<\/span><\/li><li class=\"weekday\">Vendredi<span class=\"right\">10:00 - 19:00<\/span><\/li><li class=\"weekday\">Samedi<span class=\"right label\">Ferm\u00e9<\/span><\/li><li class=\"weekday today\">Dimanche<span class=\"right label\">Ferm\u00e9<\/span><\/li><\/ul><\/div>\t\t\t\t<\/div>\n\t\t\t\t<\/div>\n\t\t\t\t\t<\/div>\n\t\t<\/div>\n\t\t\t\t<div class=\"elementor-column elementor-col-50 elementor-top-column elementor-element elementor-element-e07d845\" data-id=\"e07d845\" data-element_type=\"column\" data-e-type=\"column\">\n\t\t\t<div class=\"elementor-widget-wrap elementor-element-populated\">\n\t\t\t\t\t\t<div class=\"elementor-element elementor-element-96038d4 elementor-widget elementor-widget-google_maps\" data-id=\"96038d4\" data-element_type=\"widget\" data-e-type=\"widget\" data-widget_type=\"google_maps.default\">\n\t\t\t\t<div class=\"elementor-widget-container\">\n\t\t\t\t\t\t\t<div class=\"elementor-custom-embed\">\n\t\t\t<iframe loading=\"lazy\"\n\t\t\t\t\tsrc=\"https:\/\/maps.google.com\/maps?q=Axel%20brault%20&#038;t=m&#038;z=10&#038;output=embed&#038;iwloc=near\"\n\t\t\t\t\ttitle=\"Axel brault \"\n\t\t\t\t\taria-label=\"Axel brault \"\n\t\t\t><\/iframe>\n\t\t<\/div>\n\t\t\t\t\t\t<\/div>\n\t\t\t\t<\/div>\n\t\t\t\t<section class=\"elementor-section elementor-inner-section elementor-element elementor-element-0e2becf elementor-section-boxed elementor-section-height-default elementor-section-height-default\" data-id=\"0e2becf\" data-element_type=\"section\" data-e-type=\"section\">\n\t\t\t\t\t\t<div class=\"elementor-container elementor-column-gap-no\">\n\t\t\t\t\t<div class=\"elementor-column elementor-col-100 elementor-inner-column elementor-element elementor-element-be5e566\" data-id=\"be5e566\" data-element_type=\"column\" data-e-type=\"column\" data-settings=\"{&quot;background_background&quot;:&quot;classic&quot;}\">\n\t\t\t<div class=\"elementor-widget-wrap elementor-element-populated\">\n\t\t\t\t\t\t<div class=\"elementor-element elementor-element-a9d1578 elementor-widget elementor-widget-image\" data-id=\"a9d1578\" data-element_type=\"widget\" data-e-type=\"widget\" data-widget_type=\"image.default\">\n\t\t\t\t<div class=\"elementor-widget-container\">\n\t\t\t\t\t\t\t\t\t\t\t\t\t\t\t<img fetchpriority=\"high\" decoding=\"async\" width=\"1024\" height=\"576\" src=\"https:\/\/brault-osteopathe.fr\/wp-content\/uploads\/2024\/10\/Logo-blanc-web-1024x576.png\" class=\"attachment-large size-large wp-image-10\" alt=\"Contact Axel Brault ost\u00e9opathe en entreprise\" srcset=\"https:\/\/brault-osteopathe.fr\/wp-content\/uploads\/2024\/10\/Logo-blanc-web-1024x576.png 1024w, https:\/\/brault-osteopathe.fr\/wp-content\/uploads\/2024\/10\/Logo-blanc-web-300x169.png 300w, https:\/\/brault-osteopathe.fr\/wp-content\/uploads\/2024\/10\/Logo-blanc-web-768x432.png 768w, https:\/\/brault-osteopathe.fr\/wp-content\/uploads\/2024\/10\/Logo-blanc-web-1536x864.png 1536w, https:\/\/brault-osteopathe.fr\/wp-content\/uploads\/2024\/10\/Logo-blanc-web.png 1920w\" sizes=\"(max-width: 1024px) 100vw, 1024px\" \/>\t\t\t\t\t\t\t\t\t\t\t\t\t\t\t<\/div>\n\t\t\t\t<\/div>\n\t\t\t\t\t<\/div>\n\t\t<\/div>\n\t\t\t\t\t<\/div>\n\t\t<\/section>\n\t\t\t\t\t<\/div>\n\t\t<\/div>\n\t\t\t\t\t<\/div>\n\t\t<\/section>\n\t\t\t\t<section class=\"elementor-section elementor-top-section elementor-element elementor-element-a0b2ee4 elementor-section-boxed elementor-section-height-default elementor-section-height-default\" data-id=\"a0b2ee4\" data-element_type=\"section\" data-e-type=\"section\">\n\t\t\t\t\t\t<div class=\"elementor-container elementor-column-gap-default\">\n\t\t\t\t\t<div class=\"elementor-column elementor-col-100 elementor-top-column elementor-element elementor-element-2964920\" data-id=\"2964920\" data-element_type=\"column\" data-e-type=\"column\">\n\t\t\t<div class=\"elementor-widget-wrap\">\n\t\t\t\t\t\t\t<\/div>\n\t\t<\/div>\n\t\t\t\t\t<\/div>\n\t\t<\/section>\n\t\t\t\t<section class=\"elementor-section elementor-top-section elementor-element elementor-element-738a15d elementor-section-boxed elementor-section-height-default elementor-section-height-default\" data-id=\"738a15d\" data-element_type=\"section\" data-e-type=\"section\">\n\t\t\t\t\t\t<div class=\"elementor-container elementor-column-gap-default\">\n\t\t\t\t\t<div class=\"elementor-column elementor-col-100 elementor-top-column elementor-element elementor-element-143b806\" data-id=\"143b806\" data-element_type=\"column\" data-e-type=\"column\">\n\t\t\t<div class=\"elementor-widget-wrap elementor-element-populated\">\n\t\t\t\t\t\t<div class=\"elementor-element elementor-element-3e94914 elementor-align-center elementor-widget elementor-widget-qt-button\" data-id=\"3e94914\" data-element_type=\"widget\" data-e-type=\"widget\" data-widget_type=\"qt-button.default\">\n\t\t\t\t<div class=\"elementor-widget-container\">\n\t\t\t\t\t        <a href=\"https:\/\/brault-osteopathe.fr\/index.php\/osteopathe-en-entreprise\/\" class=\"btn btn-primary\">\n            Formulaire de contact ost\u00e9opathie en entreprise<\/a>\n        \n        \t\t\t\t<\/div>\n\t\t\t\t<\/div>\n\t\t\t\t<div class=\"elementor-element elementor-element-59c4ea9 elementor-align-center elementor-widget elementor-widget-qt-button\" data-id=\"59c4ea9\" data-element_type=\"widget\" data-e-type=\"widget\" data-widget_type=\"qt-button.default\">\n\t\t\t\t<div class=\"elementor-widget-container\">\n\t\t\t\t\t        <a href=\"https:\/\/www.doctolib.fr\/osteopathe\/asnieres-sur-oise\/axel-brault\/booking\/motives?specialityId=10&#038;telehealth=false&#038;placeId=practice-84593&#038;profile_skipped=true&#038;bookingFunnelSource=external_referral\" class=\"btn btn-primary\">\n            Prendre rendez-vous au cabinet<\/a>\n        \n        \t\t\t\t<\/div>\n\t\t\t\t<\/div>\n\t\t\t\t\t<\/div>\n\t\t<\/div>\n\t\t\t\t\t<\/div>\n\t\t<\/section>\n\t\t\t\t<\/div>\n\t\t","protected":false},"excerpt":{"rendered":"<p>LE CABINET Axel BRAULT ost\u00e9opathe D.O. 7 rue de l&rsquo;atelier Maison de sant\u00e9 de Royaumont 95270 Asni\u00e8res sur Oise \u00a0 Num\u00e9ro de t\u00e9l\u00e9phone : 06.09.74.67.41 \u00a0 Formulaire de contact pour prestation en entreprise Heures d&rsquo;ouvertures Lundi11:00 &#8211; 20:00 Mardi11:00 &#8211; 20:00 Mercredi08:00 &#8211; 20:00 Jeudi14:00 &#8211; 18:00 Vendredi11:00 &#8211; 19:00 SamediFerm\u00e9 DimancheFerm\u00e9<\/p>\n","protected":false},"author":5,"featured_media":0,"parent":0,"menu_order":0,"comment_status":"closed","ping_status":"closed","template":"","meta":{"_acf_changed":false,"footnotes":""},"class_list":["post-8103","page","type-page","status-publish","hentry"],"acf":[],"yoast_head":"<!-- This site is optimized with the Yoast SEO plugin v27.5 - https:\/\/yoast.com\/product\/yoast-seo-wordpress\/ -->\n<title>Contact Axel Brault<\/title>\n<meta name=\"description\" content=\"Retrouvez toutes les informations de contact de votre ost\u00e9opathe Axel Brault ost\u00e9opathe \u00e0 Asni\u00e8res sur Oise et en entreprise\" \/>\n<meta name=\"robots\" content=\"index, follow, max-snippet:-1, max-image-preview:large, max-video-preview:-1\" \/>\n<link rel=\"canonical\" href=\"https:\/\/brault-osteopathe.fr\/index.php\/contact-axel-brault\/\" \/>\n<meta property=\"og:locale\" content=\"fr_FR\" \/>\n<meta property=\"og:type\" content=\"article\" \/>\n<meta property=\"og:title\" content=\"Contact Axel Brault\" \/>\n<meta property=\"og:description\" content=\"Retrouvez toutes les informations de contact de votre ost\u00e9opathe Axel Brault ost\u00e9opathe \u00e0 Asni\u00e8res sur Oise et en entreprise\" \/>\n<meta property=\"og:url\" content=\"https:\/\/brault-osteopathe.fr\/index.php\/contact-axel-brault\/\" \/>\n<meta property=\"og:site_name\" content=\"AB Ost\u00e9opathie\" \/>\n<meta property=\"article:modified_time\" content=\"2024-11-05T15:06:01+00:00\" \/>\n<meta property=\"og:image\" content=\"https:\/\/brault-osteopathe.fr\/wp-content\/uploads\/2024\/10\/Logo-blanc-web-1024x576.png\" \/>\n<meta name=\"twitter:card\" content=\"summary_large_image\" \/>\n<meta name=\"twitter:label1\" content=\"Dur\u00e9e de lecture estim\u00e9e\" \/>\n\t<meta name=\"twitter:data1\" content=\"1 minute\" \/>\n<script type=\"application\/ld+json\" class=\"yoast-schema-graph\">{\"@context\":\"https:\\\/\\\/schema.org\",\"@graph\":[{\"@type\":\"WebPage\",\"@id\":\"https:\\\/\\\/brault-osteopathe.fr\\\/index.php\\\/contact-axel-brault\\\/\",\"url\":\"https:\\\/\\\/brault-osteopathe.fr\\\/index.php\\\/contact-axel-brault\\\/\",\"name\":\"Contact Axel Brault\",\"isPartOf\":{\"@id\":\"https:\\\/\\\/brault-osteopathe.fr\\\/#website\"},\"primaryImageOfPage\":{\"@id\":\"https:\\\/\\\/brault-osteopathe.fr\\\/index.php\\\/contact-axel-brault\\\/#primaryimage\"},\"image\":{\"@id\":\"https:\\\/\\\/brault-osteopathe.fr\\\/index.php\\\/contact-axel-brault\\\/#primaryimage\"},\"thumbnailUrl\":\"https:\\\/\\\/brault-osteopathe.fr\\\/wp-content\\\/uploads\\\/2024\\\/10\\\/Logo-blanc-web-1024x576.png\",\"datePublished\":\"2023-09-03T16:34:58+00:00\",\"dateModified\":\"2024-11-05T15:06:01+00:00\",\"description\":\"Retrouvez toutes les informations de contact de votre ost\u00e9opathe Axel Brault ost\u00e9opathe \u00e0 Asni\u00e8res sur Oise et en entreprise\",\"breadcrumb\":{\"@id\":\"https:\\\/\\\/brault-osteopathe.fr\\\/index.php\\\/contact-axel-brault\\\/#breadcrumb\"},\"inLanguage\":\"fr-FR\",\"potentialAction\":[{\"@type\":\"ReadAction\",\"target\":[\"https:\\\/\\\/brault-osteopathe.fr\\\/index.php\\\/contact-axel-brault\\\/\"]}]},{\"@type\":\"ImageObject\",\"inLanguage\":\"fr-FR\",\"@id\":\"https:\\\/\\\/brault-osteopathe.fr\\\/index.php\\\/contact-axel-brault\\\/#primaryimage\",\"url\":\"https:\\\/\\\/brault-osteopathe.fr\\\/wp-content\\\/uploads\\\/2024\\\/10\\\/Logo-blanc-web.png\",\"contentUrl\":\"https:\\\/\\\/brault-osteopathe.fr\\\/wp-content\\\/uploads\\\/2024\\\/10\\\/Logo-blanc-web.png\",\"width\":1920,\"height\":1080,\"caption\":\"Contact Axel Brault ost\u00e9opathe en entreprise\"},{\"@type\":\"BreadcrumbList\",\"@id\":\"https:\\\/\\\/brault-osteopathe.fr\\\/index.php\\\/contact-axel-brault\\\/#breadcrumb\",\"itemListElement\":[{\"@type\":\"ListItem\",\"position\":1,\"name\":\"Accueil\",\"item\":\"https:\\\/\\\/brault-osteopathe.fr\\\/\"},{\"@type\":\"ListItem\",\"position\":2,\"name\":\"Contact\"}]},{\"@type\":\"WebSite\",\"@id\":\"https:\\\/\\\/brault-osteopathe.fr\\\/#website\",\"url\":\"https:\\\/\\\/brault-osteopathe.fr\\\/\",\"name\":\"AB Ost\u00e9opathie\",\"description\":\"Votre ost\u00e9opathe \u00e0 Asni\u00e8res sur Oise\",\"potentialAction\":[{\"@type\":\"SearchAction\",\"target\":{\"@type\":\"EntryPoint\",\"urlTemplate\":\"https:\\\/\\\/brault-osteopathe.fr\\\/?s={search_term_string}\"},\"query-input\":{\"@type\":\"PropertyValueSpecification\",\"valueRequired\":true,\"valueName\":\"search_term_string\"}}],\"inLanguage\":\"fr-FR\"}]}<\/script>\n<!-- \/ Yoast SEO plugin. -->","yoast_head_json":{"title":"Contact Axel Brault","description":"Retrouvez toutes les informations de contact de votre ost\u00e9opathe Axel Brault ost\u00e9opathe \u00e0 Asni\u00e8res sur Oise et en entreprise","robots":{"index":"index","follow":"follow","max-snippet":"max-snippet:-1","max-image-preview":"max-image-preview:large","max-video-preview":"max-video-preview:-1"},"canonical":"https:\/\/brault-osteopathe.fr\/index.php\/contact-axel-brault\/","og_locale":"fr_FR","og_type":"article","og_title":"Contact Axel Brault","og_description":"Retrouvez toutes les informations de contact de votre ost\u00e9opathe Axel Brault ost\u00e9opathe \u00e0 Asni\u00e8res sur Oise et en entreprise","og_url":"https:\/\/brault-osteopathe.fr\/index.php\/contact-axel-brault\/","og_site_name":"AB Ost\u00e9opathie","article_modified_time":"2024-11-05T15:06:01+00:00","og_image":[{"url":"https:\/\/brault-osteopathe.fr\/wp-content\/uploads\/2024\/10\/Logo-blanc-web-1024x576.png","type":"","width":"","height":""}],"twitter_card":"summary_large_image","twitter_misc":{"Dur\u00e9e de lecture estim\u00e9e":"1 minute"},"schema":{"@context":"https:\/\/schema.org","@graph":[{"@type":"WebPage","@id":"https:\/\/brault-osteopathe.fr\/index.php\/contact-axel-brault\/","url":"https:\/\/brault-osteopathe.fr\/index.php\/contact-axel-brault\/","name":"Contact Axel Brault","isPartOf":{"@id":"https:\/\/brault-osteopathe.fr\/#website"},"primaryImageOfPage":{"@id":"https:\/\/brault-osteopathe.fr\/index.php\/contact-axel-brault\/#primaryimage"},"image":{"@id":"https:\/\/brault-osteopathe.fr\/index.php\/contact-axel-brault\/#primaryimage"},"thumbnailUrl":"https:\/\/brault-osteopathe.fr\/wp-content\/uploads\/2024\/10\/Logo-blanc-web-1024x576.png","datePublished":"2023-09-03T16:34:58+00:00","dateModified":"2024-11-05T15:06:01+00:00","description":"Retrouvez toutes les informations de contact de votre ost\u00e9opathe Axel Brault ost\u00e9opathe \u00e0 Asni\u00e8res sur Oise et en entreprise","breadcrumb":{"@id":"https:\/\/brault-osteopathe.fr\/index.php\/contact-axel-brault\/#breadcrumb"},"inLanguage":"fr-FR","potentialAction":[{"@type":"ReadAction","target":["https:\/\/brault-osteopathe.fr\/index.php\/contact-axel-brault\/"]}]},{"@type":"ImageObject","inLanguage":"fr-FR","@id":"https:\/\/brault-osteopathe.fr\/index.php\/contact-axel-brault\/#primaryimage","url":"https:\/\/brault-osteopathe.fr\/wp-content\/uploads\/2024\/10\/Logo-blanc-web.png","contentUrl":"https:\/\/brault-osteopathe.fr\/wp-content\/uploads\/2024\/10\/Logo-blanc-web.png","width":1920,"height":1080,"caption":"Contact Axel Brault ost\u00e9opathe en entreprise"},{"@type":"BreadcrumbList","@id":"https:\/\/brault-osteopathe.fr\/index.php\/contact-axel-brault\/#breadcrumb","itemListElement":[{"@type":"ListItem","position":1,"name":"Accueil","item":"https:\/\/brault-osteopathe.fr\/"},{"@type":"ListItem","position":2,"name":"Contact"}]},{"@type":"WebSite","@id":"https:\/\/brault-osteopathe.fr\/#website","url":"https:\/\/brault-osteopathe.fr\/","name":"AB Ost\u00e9opathie","description":"Votre ost\u00e9opathe \u00e0 Asni\u00e8res sur Oise","potentialAction":[{"@type":"SearchAction","target":{"@type":"EntryPoint","urlTemplate":"https:\/\/brault-osteopathe.fr\/?s={search_term_string}"},"query-input":{"@type":"PropertyValueSpecification","valueRequired":true,"valueName":"search_term_string"}}],"inLanguage":"fr-FR"}]}},"_links":{"self":[{"href":"https:\/\/brault-osteopathe.fr\/index.php\/wp-json\/wp\/v2\/pages\/8103","targetHints":{"allow":["GET"]}}],"collection":[{"href":"https:\/\/brault-osteopathe.fr\/index.php\/wp-json\/wp\/v2\/pages"}],"about":[{"href":"https:\/\/brault-osteopathe.fr\/index.php\/wp-json\/wp\/v2\/types\/page"}],"author":[{"embeddable":true,"href":"https:\/\/brault-osteopathe.fr\/index.php\/wp-json\/wp\/v2\/users\/5"}],"replies":[{"embeddable":true,"href":"https:\/\/brault-osteopathe.fr\/index.php\/wp-json\/wp\/v2\/comments?post=8103"}],"version-history":[{"count":31,"href":"https:\/\/brault-osteopathe.fr\/index.php\/wp-json\/wp\/v2\/pages\/8103\/revisions"}],"predecessor-version":[{"id":8723,"href":"https:\/\/brault-osteopathe.fr\/index.php\/wp-json\/wp\/v2\/pages\/8103\/revisions\/8723"}],"wp:attachment":[{"href":"https:\/\/brault-osteopathe.fr\/index.php\/wp-json\/wp\/v2\/media?parent=8103"}],"curies":[{"name":"wp","href":"https:\/\/api.w.org\/{rel}","templated":true}]}}