{"id":8063,"date":"2023-09-03T16:18:51","date_gmt":"2023-09-03T16:18:51","guid":{"rendered":"https:\/\/export-demos.qreativethemes.com\/elementor-physio\/?page_id=8063"},"modified":"2024-11-05T17:00:45","modified_gmt":"2024-11-05T16:00:45","slug":"consultation","status":"publish","type":"page","link":"https:\/\/brault-osteopathe.fr\/index.php\/osteopathe-val-doise\/consultation\/","title":{"rendered":"Consultation"},"content":{"rendered":"\t\t<div data-elementor-type=\"wp-page\" data-elementor-id=\"8063\" class=\"elementor elementor-8063\">\n\t\t\t\t\t\t<section class=\"elementor-section elementor-top-section elementor-element elementor-element-018d36b elementor-section-boxed elementor-section-height-default elementor-section-height-default\" data-id=\"018d36b\" data-element_type=\"section\" data-e-type=\"section\">\n\t\t\t\t\t\t<div class=\"elementor-container elementor-column-gap-default\">\n\t\t\t\t\t<div class=\"elementor-column elementor-col-100 elementor-top-column elementor-element elementor-element-d9b066f\" data-id=\"d9b066f\" data-element_type=\"column\" data-e-type=\"column\">\n\t\t\t<div class=\"elementor-widget-wrap elementor-element-populated\">\n\t\t\t\t\t\t<div class=\"elementor-element elementor-element-46ec9af elementor-widget elementor-widget-text-editor\" data-id=\"46ec9af\" data-element_type=\"widget\" data-e-type=\"widget\" data-widget_type=\"text-editor.default\">\n\t\t\t\t<div class=\"elementor-widget-container\">\n\t\t\t\t\t\t\t\t\t<p>Votre ost\u00e9opathe \u00e0 Asni\u00e8res sur Oise (proche Bruy\u00e8res sur Oise, Viarmes, Luzarches&#8230;) et en entreprise dans le Val d&rsquo;Oise, Oise, Hauts de Seine&#8230;<\/p>\t\t\t\t\t\t\t\t<\/div>\n\t\t\t\t<\/div>\n\t\t\t\t<div class=\"elementor-element elementor-element-dc3a798 elementor-widget elementor-widget-heading\" data-id=\"dc3a798\" data-element_type=\"widget\" data-e-type=\"widget\" data-widget_type=\"heading.default\">\n\t\t\t\t<div class=\"elementor-widget-container\">\n\t\t\t\t\t<h2 class=\"elementor-heading-title elementor-size-default\">Les \u00c9tapes de la consultation<\/h2>\t\t\t\t<\/div>\n\t\t\t\t<\/div>\n\t\t\t\t\t<\/div>\n\t\t<\/div>\n\t\t\t\t\t<\/div>\n\t\t<\/section>\n\t\t\t\t<section class=\"elementor-section elementor-top-section elementor-element elementor-element-44eee69 elementor-section-boxed elementor-section-height-default elementor-section-height-default\" data-id=\"44eee69\" data-element_type=\"section\" data-e-type=\"section\">\n\t\t\t\t\t\t<div class=\"elementor-container elementor-column-gap-default\">\n\t\t\t\t\t<div class=\"elementor-column elementor-col-50 elementor-top-column elementor-element elementor-element-1fd9c89\" data-id=\"1fd9c89\" data-element_type=\"column\" data-e-type=\"column\">\n\t\t\t<div class=\"elementor-widget-wrap elementor-element-populated\">\n\t\t\t\t\t\t<div class=\"elementor-element elementor-element-17847a1 elementor-widget elementor-widget-text-editor\" data-id=\"17847a1\" data-element_type=\"widget\" data-e-type=\"widget\" data-widget_type=\"text-editor.default\">\n\t\t\t\t<div class=\"elementor-widget-container\">\n\t\t\t\t\t\t\t\t\t<h5>I &#8211; Pour commencer l&rsquo;anamn\u00e8se<\/h5><p>\u00a0Nous d\u00e9butons par vos informations personnelles s&rsquo;en suit un interrogatoire d\u00e9taill\u00e9 en rapport avec le <span style=\"text-decoration: underline;\">motif de consultation<\/span> du patient: quelles sont vos douleurs?<\/p><p>Depuis combien de temps cela dure ? etc&#8230;<\/p><p>Puis sur la <em>vie quotidienne<\/em> du patient, ses ant\u00e9c\u00e9dents m\u00e9dicaux, chirurgicaux, traumatiques, sa pratique sportive, etc&#8230;<\/p><p>Tous les \u00e9l\u00e9ments qui peuvent avoir un impact sur le <strong>motif<\/strong> du patient, sont \u00e9tudi\u00e9s et analys\u00e9s par l&rsquo;ost\u00e9opathe, qui va \u00e9tablir son <span style=\"text-decoration: underline;\">diagnostic d&rsquo;exclusion<\/span> et orientera, en cas de n\u00e9cessit\u00e9, son patient chez un m\u00e9decin.<\/p><p>Pensez \u00e0 apporter vos <strong>examens compl\u00e9mentaires<\/strong> (radiographies, scanner, IRM).<\/p>\t\t\t\t\t\t\t\t<\/div>\n\t\t\t\t<\/div>\n\t\t\t\t\t<\/div>\n\t\t<\/div>\n\t\t\t\t<div class=\"elementor-column elementor-col-50 elementor-top-column elementor-element elementor-element-40143b6\" data-id=\"40143b6\" data-element_type=\"column\" data-e-type=\"column\">\n\t\t\t<div class=\"elementor-widget-wrap elementor-element-populated\">\n\t\t\t\t\t\t<div class=\"elementor-element elementor-element-9a67e37 elementor-widget elementor-widget-text-editor\" data-id=\"9a67e37\" data-element_type=\"widget\" data-e-type=\"widget\" data-widget_type=\"text-editor.default\">\n\t\t\t\t<div class=\"elementor-widget-container\">\n\t\t\t\t\t\t\t\t\t<h5>Il &#8211; Le bilan ou diagnostic clinique<\/h5><p>\u00a0Passage du bureau \u00e0 la table de consultation, la s\u00e9ance se d\u00e9roulant en <strong>sous v\u00eatements<\/strong> il est n\u00e9cessaire de pr\u00e9voir une tenue ad\u00e9quate (type : short, T-shirt&#8230;) si besoin.<\/p><p><span style=\"text-decoration: underline;\">Le but<\/span> de l&rsquo;ost\u00e9opathe est d&rsquo;observer, d&rsquo;analyser, d&rsquo;\u00e9valuer le corps du patient dans sa <strong>globalit\u00e9<\/strong> et de r\u00e9ussir \u00e0 faire des liens entre le motif de consultation et les diff\u00e9rents \u00e9l\u00e9ments retrouv\u00e9s.<\/p><p>Par diff\u00e9rents tests cibl\u00e9s, sp\u00e9cifiques et propres \u00e0 chaque patient, l&rsquo;ost\u00e9opathe cherchera \u00e0 mettre en \u00e9vidence des <span style=\"text-decoration: underline;\">restrictions de mobilit\u00e9<\/span>.<\/p>\t\t\t\t\t\t\t\t<\/div>\n\t\t\t\t<\/div>\n\t\t\t\t\t<\/div>\n\t\t<\/div>\n\t\t\t\t\t<\/div>\n\t\t<\/section>\n\t\t\t\t<section class=\"elementor-section elementor-top-section elementor-element elementor-element-4060d5b elementor-section-boxed elementor-section-height-default elementor-section-height-default\" data-id=\"4060d5b\" data-element_type=\"section\" data-e-type=\"section\">\n\t\t\t\t\t\t<div class=\"elementor-container elementor-column-gap-default\">\n\t\t\t\t\t<div class=\"elementor-column elementor-col-100 elementor-top-column elementor-element elementor-element-6fe5561\" data-id=\"6fe5561\" data-element_type=\"column\" data-e-type=\"column\">\n\t\t\t<div class=\"elementor-widget-wrap elementor-element-populated\">\n\t\t\t\t\t\t<div class=\"elementor-element elementor-element-b0fa224 elementor-widget elementor-widget-image\" data-id=\"b0fa224\" data-element_type=\"widget\" data-e-type=\"widget\" data-widget_type=\"image.default\">\n\t\t\t\t<div class=\"elementor-widget-container\">\n\t\t\t\t\t\t\t\t\t\t\t\t\t\t\t<img fetchpriority=\"high\" decoding=\"async\" width=\"768\" height=\"469\" src=\"https:\/\/brault-osteopathe.fr\/wp-content\/uploads\/2024\/10\/blood-pressure-g1caf4ad1c_1280-768x469.jpg\" class=\"attachment-medium_large size-medium_large wp-image-8378\" alt=\"Ost\u00e9opathe bruy\u00e8res Viarmes Luzarches\" srcset=\"https:\/\/brault-osteopathe.fr\/wp-content\/uploads\/2024\/10\/blood-pressure-g1caf4ad1c_1280-768x469.jpg 768w, https:\/\/brault-osteopathe.fr\/wp-content\/uploads\/2024\/10\/blood-pressure-g1caf4ad1c_1280-300x183.jpg 300w, https:\/\/brault-osteopathe.fr\/wp-content\/uploads\/2024\/10\/blood-pressure-g1caf4ad1c_1280.jpg 850w\" sizes=\"(max-width: 768px) 100vw, 768px\" \/>\t\t\t\t\t\t\t\t\t\t\t\t\t\t\t<\/div>\n\t\t\t\t<\/div>\n\t\t\t\t\t<\/div>\n\t\t<\/div>\n\t\t\t\t\t<\/div>\n\t\t<\/section>\n\t\t\t\t<section class=\"elementor-section elementor-top-section elementor-element elementor-element-2010978 elementor-section-boxed elementor-section-height-default elementor-section-height-default\" data-id=\"2010978\" data-element_type=\"section\" data-e-type=\"section\">\n\t\t\t\t\t\t<div class=\"elementor-container elementor-column-gap-default\">\n\t\t\t\t\t<div class=\"elementor-column elementor-col-50 elementor-top-column elementor-element elementor-element-87be2ae\" data-id=\"87be2ae\" data-element_type=\"column\" data-e-type=\"column\">\n\t\t\t<div class=\"elementor-widget-wrap elementor-element-populated\">\n\t\t\t\t\t\t<div class=\"elementor-element elementor-element-ca81aab elementor-widget elementor-widget-text-editor\" data-id=\"ca81aab\" data-element_type=\"widget\" data-e-type=\"widget\" data-widget_type=\"text-editor.default\">\n\t\t\t\t<div class=\"elementor-widget-container\">\n\t\t\t\t\t\t\t\t\t<h5>III &#8211; Le traitement et conseils<\/h5><p>En fonction de tous les \u00e9l\u00e9ments recueillis lors de l&rsquo;anamn\u00e8se et du bilan, l&rsquo;ost\u00e9opathe va \u00e9tablir le plan de <strong>traitement<\/strong> qui peut s&rsquo;\u00e9taler sur une ou plusieurs s\u00e9ances et dont le but final sera de <strong>soulager<\/strong> et <strong>traiter<\/strong> la douleur afin qu&rsquo;elle disparaisse de mani\u00e8re durable et p\u00e9renne.<\/p><p>Enfin, des <span style=\"text-decoration: underline;\">conseils<\/span> adapt\u00e9s aux besoins du patient lui seront donn\u00e9s \u00e0 la fin de la consultation afin de compl\u00e9ter le traitement et de pr\u00e9venir l&rsquo;apparition d&rsquo;autres troubles \u00e9ventuels<\/p>\t\t\t\t\t\t\t\t<\/div>\n\t\t\t\t<\/div>\n\t\t\t\t\t<\/div>\n\t\t<\/div>\n\t\t\t\t<div class=\"elementor-column elementor-col-50 elementor-top-column elementor-element elementor-element-160286b\" data-id=\"160286b\" data-element_type=\"column\" data-e-type=\"column\">\n\t\t\t<div class=\"elementor-widget-wrap elementor-element-populated\">\n\t\t\t\t\t\t<div class=\"elementor-element elementor-element-a541074 elementor-widget elementor-widget-text-editor\" data-id=\"a541074\" data-element_type=\"widget\" data-e-type=\"widget\" data-widget_type=\"text-editor.default\">\n\t\t\t\t<div class=\"elementor-widget-container\">\n\t\t\t\t\t\t\t\t\t<h5>IV &#8211; Apr\u00e8s la s\u00e9ance<\/h5><p>Le plus souvent la s\u00e9ance est le d\u00e9clencheur de <strong>changements<\/strong> qui vont s&rsquo;op\u00e9rer dans le corps pendant plusieurs jours.<\/p><p>Il est recommand\u00e9 de se <strong>reposer<\/strong> environ <strong>48h<\/strong>, afin de permettre au corps de trouver son nouvel <span style=\"text-decoration: underline;\">\u00e9quilibre<\/span> et de s&rsquo;adapter \u00e0 son nouveau fonctionnement.<\/p><p>Durant cette p\u00e9riode, une <em>fatigue saine<\/em> ou des <em>courbatures<\/em> peuvent \u00eatre ressenties<\/p>\t\t\t\t\t\t\t\t<\/div>\n\t\t\t\t<\/div>\n\t\t\t\t\t<\/div>\n\t\t<\/div>\n\t\t\t\t\t<\/div>\n\t\t<\/section>\n\t\t\t\t<section class=\"elementor-section elementor-top-section elementor-element elementor-element-aea78b8 elementor-section-boxed elementor-section-height-default elementor-section-height-default\" data-id=\"aea78b8\" data-element_type=\"section\" data-e-type=\"section\">\n\t\t\t\t\t\t<div class=\"elementor-container elementor-column-gap-default\">\n\t\t\t\t\t<div class=\"elementor-column elementor-col-100 elementor-top-column elementor-element elementor-element-99fb0a4\" data-id=\"99fb0a4\" data-element_type=\"column\" data-e-type=\"column\">\n\t\t\t<div class=\"elementor-widget-wrap elementor-element-populated\">\n\t\t\t\t\t\t<div class=\"elementor-element elementor-element-50c939a elementor-widget elementor-widget-heading\" data-id=\"50c939a\" data-element_type=\"widget\" data-e-type=\"widget\" data-widget_type=\"heading.default\">\n\t\t\t\t<div class=\"elementor-widget-container\">\n\t\t\t\t\t<h2 class=\"elementor-heading-title elementor-size-default\"><a href=\"https:\/\/brault-osteopathe.fr\/index.php\/contact\/\">Ost\u00e9opathe \u00e0 Asni\u00e8res sur Oise dans le Val d'Oise<\/a><\/h2>\t\t\t\t<\/div>\n\t\t\t\t<\/div>\n\t\t\t\t\t<\/div>\n\t\t<\/div>\n\t\t\t\t\t<\/div>\n\t\t<\/section>\n\t\t\t\t<section class=\"elementor-section elementor-top-section elementor-element elementor-element-57bad4e elementor-section-boxed elementor-section-height-default elementor-section-height-default\" data-id=\"57bad4e\" data-element_type=\"section\" data-e-type=\"section\">\n\t\t\t\t\t\t<div class=\"elementor-container elementor-column-gap-default\">\n\t\t\t\t\t<div class=\"elementor-column elementor-col-100 elementor-top-column elementor-element elementor-element-3215687\" data-id=\"3215687\" data-element_type=\"column\" data-e-type=\"column\">\n\t\t\t<div class=\"elementor-widget-wrap elementor-element-populated\">\n\t\t\t\t\t\t<div class=\"elementor-element elementor-element-52c3bed elementor-align-center elementor-widget elementor-widget-qt-button\" data-id=\"52c3bed\" data-element_type=\"widget\" data-e-type=\"widget\" data-widget_type=\"qt-button.default\">\n\t\t\t\t<div class=\"elementor-widget-container\">\n\t\t\t\t\t        <a href=\"https:\/\/www.doctolib.fr\/osteopathe\/asnieres-sur-oise\/axel-brault\" class=\"btn btn-primary\" target=\"_blank\">\n            Prendre rendez-vous en ligne<\/a>\n        \n        \t\t\t\t<\/div>\n\t\t\t\t<\/div>\n\t\t\t\t\t<\/div>\n\t\t<\/div>\n\t\t\t\t\t<\/div>\n\t\t<\/section>\n\t\t\t\t<\/div>\n\t\t","protected":false},"excerpt":{"rendered":"<p>Votre ost\u00e9opathe \u00e0 Asni\u00e8res sur Oise (proche Bruy\u00e8res sur Oise, Viarmes, Luzarches&#8230;) et en entreprise dans le Val d&rsquo;Oise, Oise, Hauts de Seine&#8230; Les \u00c9tapes de la consultation I &#8211; Pour commencer l&rsquo;anamn\u00e8se \u00a0Nous d\u00e9butons par vos informations personnelles s&rsquo;en suit un interrogatoire d\u00e9taill\u00e9 en rapport avec le motif de consultation du patient: quelles sont [&hellip;]<\/p>\n","protected":false},"author":5,"featured_media":7481,"parent":7926,"menu_order":0,"comment_status":"closed","ping_status":"closed","template":"","meta":{"_acf_changed":false,"footnotes":""},"class_list":["post-8063","page","type-page","status-publish","has-post-thumbnail","hentry"],"acf":[],"yoast_head":"<!-- This site is optimized with the Yoast SEO plugin v27.5 - https:\/\/yoast.com\/product\/yoast-seo-wordpress\/ -->\n<title>Ost\u00e9opathe Asni\u00e8res sur Oise proche Bruy\u00e8res<\/title>\n<meta name=\"description\" content=\"Axel Brault votre ost\u00e9opathe \u00e0 Asni\u00e8res sur Oise proche de Bruy\u00e8res, Viarmes, Luzarches, et en entreprise dans le Val d&#039;Oise et Oise\" \/>\n<meta name=\"robots\" content=\"index, follow, max-snippet:-1, max-image-preview:large, max-video-preview:-1\" \/>\n<link rel=\"canonical\" href=\"https:\/\/brault-osteopathe.fr\/index.php\/osteopathe-val-doise\/consultation\/\" \/>\n<meta property=\"og:locale\" content=\"fr_FR\" \/>\n<meta property=\"og:type\" content=\"article\" \/>\n<meta property=\"og:title\" content=\"Ost\u00e9opathe Asni\u00e8res sur Oise proche Bruy\u00e8res\" \/>\n<meta property=\"og:description\" content=\"Axel Brault votre ost\u00e9opathe \u00e0 Asni\u00e8res sur Oise proche de Bruy\u00e8res, Viarmes, Luzarches, et en entreprise dans le Val d&#039;Oise et Oise\" \/>\n<meta property=\"og:url\" content=\"https:\/\/brault-osteopathe.fr\/index.php\/osteopathe-val-doise\/consultation\/\" \/>\n<meta property=\"og:site_name\" content=\"AB Ost\u00e9opathie\" \/>\n<meta property=\"article:modified_time\" content=\"2024-11-05T16:00:45+00:00\" \/>\n<meta property=\"og:image\" content=\"https:\/\/brault-osteopathe.fr\/wp-content\/uploads\/2015\/11\/850x567.png\" \/>\n\t<meta property=\"og:image:width\" content=\"850\" \/>\n\t<meta property=\"og:image:height\" content=\"567\" \/>\n\t<meta property=\"og:image:type\" content=\"image\/png\" \/>\n<meta name=\"twitter:card\" content=\"summary_large_image\" \/>\n<meta name=\"twitter:label1\" content=\"Dur\u00e9e de lecture estim\u00e9e\" \/>\n\t<meta name=\"twitter:data1\" content=\"3 minutes\" \/>\n<script type=\"application\/ld+json\" class=\"yoast-schema-graph\">{\"@context\":\"https:\\\/\\\/schema.org\",\"@graph\":[{\"@type\":\"WebPage\",\"@id\":\"https:\\\/\\\/brault-osteopathe.fr\\\/index.php\\\/osteopathe-val-doise\\\/consultation\\\/\",\"url\":\"https:\\\/\\\/brault-osteopathe.fr\\\/index.php\\\/osteopathe-val-doise\\\/consultation\\\/\",\"name\":\"Ost\u00e9opathe Asni\u00e8res sur Oise proche Bruy\u00e8res\",\"isPartOf\":{\"@id\":\"https:\\\/\\\/brault-osteopathe.fr\\\/#website\"},\"primaryImageOfPage\":{\"@id\":\"https:\\\/\\\/brault-osteopathe.fr\\\/index.php\\\/osteopathe-val-doise\\\/consultation\\\/#primaryimage\"},\"image\":{\"@id\":\"https:\\\/\\\/brault-osteopathe.fr\\\/index.php\\\/osteopathe-val-doise\\\/consultation\\\/#primaryimage\"},\"thumbnailUrl\":\"https:\\\/\\\/brault-osteopathe.fr\\\/wp-content\\\/uploads\\\/2015\\\/11\\\/850x567.png\",\"datePublished\":\"2023-09-03T16:18:51+00:00\",\"dateModified\":\"2024-11-05T16:00:45+00:00\",\"description\":\"Axel Brault votre ost\u00e9opathe \u00e0 Asni\u00e8res sur Oise proche de Bruy\u00e8res, Viarmes, Luzarches, et en entreprise dans le Val d'Oise et Oise\",\"breadcrumb\":{\"@id\":\"https:\\\/\\\/brault-osteopathe.fr\\\/index.php\\\/osteopathe-val-doise\\\/consultation\\\/#breadcrumb\"},\"inLanguage\":\"fr-FR\",\"potentialAction\":[{\"@type\":\"ReadAction\",\"target\":[\"https:\\\/\\\/brault-osteopathe.fr\\\/index.php\\\/osteopathe-val-doise\\\/consultation\\\/\"]}]},{\"@type\":\"ImageObject\",\"inLanguage\":\"fr-FR\",\"@id\":\"https:\\\/\\\/brault-osteopathe.fr\\\/index.php\\\/osteopathe-val-doise\\\/consultation\\\/#primaryimage\",\"url\":\"https:\\\/\\\/brault-osteopathe.fr\\\/wp-content\\\/uploads\\\/2015\\\/11\\\/850x567.png\",\"contentUrl\":\"https:\\\/\\\/brault-osteopathe.fr\\\/wp-content\\\/uploads\\\/2015\\\/11\\\/850x567.png\",\"width\":850,\"height\":567},{\"@type\":\"BreadcrumbList\",\"@id\":\"https:\\\/\\\/brault-osteopathe.fr\\\/index.php\\\/osteopathe-val-doise\\\/consultation\\\/#breadcrumb\",\"itemListElement\":[{\"@type\":\"ListItem\",\"position\":1,\"name\":\"Accueil\",\"item\":\"https:\\\/\\\/brault-osteopathe.fr\\\/\"},{\"@type\":\"ListItem\",\"position\":2,\"name\":\"Au cabinet\",\"item\":\"https:\\\/\\\/brault-osteopathe.fr\\\/index.php\\\/osteopathe-val-doise\\\/\"},{\"@type\":\"ListItem\",\"position\":3,\"name\":\"Consultation\"}]},{\"@type\":\"WebSite\",\"@id\":\"https:\\\/\\\/brault-osteopathe.fr\\\/#website\",\"url\":\"https:\\\/\\\/brault-osteopathe.fr\\\/\",\"name\":\"AB Ost\u00e9opathie\",\"description\":\"Votre ost\u00e9opathe \u00e0 Asni\u00e8res sur Oise\",\"potentialAction\":[{\"@type\":\"SearchAction\",\"target\":{\"@type\":\"EntryPoint\",\"urlTemplate\":\"https:\\\/\\\/brault-osteopathe.fr\\\/?s={search_term_string}\"},\"query-input\":{\"@type\":\"PropertyValueSpecification\",\"valueRequired\":true,\"valueName\":\"search_term_string\"}}],\"inLanguage\":\"fr-FR\"}]}<\/script>\n<!-- \/ Yoast SEO plugin. -->","yoast_head_json":{"title":"Ost\u00e9opathe Asni\u00e8res sur Oise proche Bruy\u00e8res","description":"Axel Brault votre ost\u00e9opathe \u00e0 Asni\u00e8res sur Oise proche de Bruy\u00e8res, Viarmes, Luzarches, et en entreprise dans le Val d'Oise et Oise","robots":{"index":"index","follow":"follow","max-snippet":"max-snippet:-1","max-image-preview":"max-image-preview:large","max-video-preview":"max-video-preview:-1"},"canonical":"https:\/\/brault-osteopathe.fr\/index.php\/osteopathe-val-doise\/consultation\/","og_locale":"fr_FR","og_type":"article","og_title":"Ost\u00e9opathe Asni\u00e8res sur Oise proche Bruy\u00e8res","og_description":"Axel Brault votre ost\u00e9opathe \u00e0 Asni\u00e8res sur Oise proche de Bruy\u00e8res, Viarmes, Luzarches, et en entreprise dans le Val d'Oise et Oise","og_url":"https:\/\/brault-osteopathe.fr\/index.php\/osteopathe-val-doise\/consultation\/","og_site_name":"AB Ost\u00e9opathie","article_modified_time":"2024-11-05T16:00:45+00:00","og_image":[{"width":850,"height":567,"url":"https:\/\/brault-osteopathe.fr\/wp-content\/uploads\/2015\/11\/850x567.png","type":"image\/png"}],"twitter_card":"summary_large_image","twitter_misc":{"Dur\u00e9e de lecture estim\u00e9e":"3 minutes"},"schema":{"@context":"https:\/\/schema.org","@graph":[{"@type":"WebPage","@id":"https:\/\/brault-osteopathe.fr\/index.php\/osteopathe-val-doise\/consultation\/","url":"https:\/\/brault-osteopathe.fr\/index.php\/osteopathe-val-doise\/consultation\/","name":"Ost\u00e9opathe Asni\u00e8res sur Oise proche Bruy\u00e8res","isPartOf":{"@id":"https:\/\/brault-osteopathe.fr\/#website"},"primaryImageOfPage":{"@id":"https:\/\/brault-osteopathe.fr\/index.php\/osteopathe-val-doise\/consultation\/#primaryimage"},"image":{"@id":"https:\/\/brault-osteopathe.fr\/index.php\/osteopathe-val-doise\/consultation\/#primaryimage"},"thumbnailUrl":"https:\/\/brault-osteopathe.fr\/wp-content\/uploads\/2015\/11\/850x567.png","datePublished":"2023-09-03T16:18:51+00:00","dateModified":"2024-11-05T16:00:45+00:00","description":"Axel Brault votre ost\u00e9opathe \u00e0 Asni\u00e8res sur Oise proche de Bruy\u00e8res, Viarmes, Luzarches, et en entreprise dans le Val d'Oise et Oise","breadcrumb":{"@id":"https:\/\/brault-osteopathe.fr\/index.php\/osteopathe-val-doise\/consultation\/#breadcrumb"},"inLanguage":"fr-FR","potentialAction":[{"@type":"ReadAction","target":["https:\/\/brault-osteopathe.fr\/index.php\/osteopathe-val-doise\/consultation\/"]}]},{"@type":"ImageObject","inLanguage":"fr-FR","@id":"https:\/\/brault-osteopathe.fr\/index.php\/osteopathe-val-doise\/consultation\/#primaryimage","url":"https:\/\/brault-osteopathe.fr\/wp-content\/uploads\/2015\/11\/850x567.png","contentUrl":"https:\/\/brault-osteopathe.fr\/wp-content\/uploads\/2015\/11\/850x567.png","width":850,"height":567},{"@type":"BreadcrumbList","@id":"https:\/\/brault-osteopathe.fr\/index.php\/osteopathe-val-doise\/consultation\/#breadcrumb","itemListElement":[{"@type":"ListItem","position":1,"name":"Accueil","item":"https:\/\/brault-osteopathe.fr\/"},{"@type":"ListItem","position":2,"name":"Au cabinet","item":"https:\/\/brault-osteopathe.fr\/index.php\/osteopathe-val-doise\/"},{"@type":"ListItem","position":3,"name":"Consultation"}]},{"@type":"WebSite","@id":"https:\/\/brault-osteopathe.fr\/#website","url":"https:\/\/brault-osteopathe.fr\/","name":"AB Ost\u00e9opathie","description":"Votre ost\u00e9opathe \u00e0 Asni\u00e8res sur Oise","potentialAction":[{"@type":"SearchAction","target":{"@type":"EntryPoint","urlTemplate":"https:\/\/brault-osteopathe.fr\/?s={search_term_string}"},"query-input":{"@type":"PropertyValueSpecification","valueRequired":true,"valueName":"search_term_string"}}],"inLanguage":"fr-FR"}]}},"_links":{"self":[{"href":"https:\/\/brault-osteopathe.fr\/index.php\/wp-json\/wp\/v2\/pages\/8063","targetHints":{"allow":["GET"]}}],"collection":[{"href":"https:\/\/brault-osteopathe.fr\/index.php\/wp-json\/wp\/v2\/pages"}],"about":[{"href":"https:\/\/brault-osteopathe.fr\/index.php\/wp-json\/wp\/v2\/types\/page"}],"author":[{"embeddable":true,"href":"https:\/\/brault-osteopathe.fr\/index.php\/wp-json\/wp\/v2\/users\/5"}],"replies":[{"embeddable":true,"href":"https:\/\/brault-osteopathe.fr\/index.php\/wp-json\/wp\/v2\/comments?post=8063"}],"version-history":[{"count":34,"href":"https:\/\/brault-osteopathe.fr\/index.php\/wp-json\/wp\/v2\/pages\/8063\/revisions"}],"predecessor-version":[{"id":8731,"href":"https:\/\/brault-osteopathe.fr\/index.php\/wp-json\/wp\/v2\/pages\/8063\/revisions\/8731"}],"up":[{"embeddable":true,"href":"https:\/\/brault-osteopathe.fr\/index.php\/wp-json\/wp\/v2\/pages\/7926"}],"wp:featuredmedia":[{"embeddable":true,"href":"https:\/\/brault-osteopathe.fr\/index.php\/wp-json\/wp\/v2\/media\/7481"}],"wp:attachment":[{"href":"https:\/\/brault-osteopathe.fr\/index.php\/wp-json\/wp\/v2\/media?parent=8063"}],"curies":[{"name":"wp","href":"https:\/\/api.w.org\/{rel}","templated":true}]}}