{"id":7993,"date":"2023-09-03T15:30:07","date_gmt":"2023-09-03T15:30:07","guid":{"rendered":"https:\/\/export-demos.qreativethemes.com\/elementor-physio\/?page_id=7993"},"modified":"2024-10-16T18:06:51","modified_gmt":"2024-10-16T16:06:51","slug":"localisation-axel-brault","status":"publish","type":"page","link":"https:\/\/brault-osteopathe.fr\/index.php\/osteopathe-val-doise\/localisation-axel-brault\/","title":{"rendered":"Localisation"},"content":{"rendered":"\t\t<div data-elementor-type=\"wp-page\" data-elementor-id=\"7993\" class=\"elementor elementor-7993\">\n\t\t\t\t\t\t<section class=\"elementor-section elementor-top-section elementor-element elementor-element-d7dacd0 elementor-section-content-top elementor-section-boxed elementor-section-height-default elementor-section-height-default\" data-id=\"d7dacd0\" data-element_type=\"section\" data-e-type=\"section\">\n\t\t\t\t\t\t<div class=\"elementor-container elementor-column-gap-extended\">\n\t\t\t\t\t<div class=\"elementor-column elementor-col-50 elementor-top-column elementor-element elementor-element-e07d845\" data-id=\"e07d845\" data-element_type=\"column\" data-e-type=\"column\">\n\t\t\t<div class=\"elementor-widget-wrap elementor-element-populated\">\n\t\t\t\t\t\t<div class=\"elementor-element elementor-element-96038d4 elementor-widget__width-initial elementor-widget elementor-widget-google_maps\" data-id=\"96038d4\" data-element_type=\"widget\" data-e-type=\"widget\" data-widget_type=\"google_maps.default\">\n\t\t\t\t<div class=\"elementor-widget-container\">\n\t\t\t\t\t\t\t<div class=\"elementor-custom-embed\">\n\t\t\t<iframe loading=\"lazy\"\n\t\t\t\t\tsrc=\"https:\/\/maps.google.com\/maps?q=axel%20brault&#038;t=m&#038;z=11&#038;output=embed&#038;iwloc=near\"\n\t\t\t\t\ttitle=\"axel brault\"\n\t\t\t\t\taria-label=\"axel brault\"\n\t\t\t><\/iframe>\n\t\t<\/div>\n\t\t\t\t\t\t<\/div>\n\t\t\t\t<\/div>\n\t\t\t\t\t<\/div>\n\t\t<\/div>\n\t\t\t\t<div class=\"elementor-column elementor-col-50 elementor-top-column elementor-element elementor-element-695f823\" data-id=\"695f823\" data-element_type=\"column\" data-e-type=\"column\">\n\t\t\t<div class=\"elementor-widget-wrap elementor-element-populated\">\n\t\t\t\t\t\t<section class=\"elementor-section elementor-inner-section elementor-element elementor-element-254b2c5 elementor-section-boxed elementor-section-height-default elementor-section-height-default\" data-id=\"254b2c5\" data-element_type=\"section\" data-e-type=\"section\">\n\t\t\t\t\t\t<div class=\"elementor-container elementor-column-gap-default\">\n\t\t\t\t\t<div class=\"elementor-column elementor-col-100 elementor-inner-column elementor-element elementor-element-32360ef featured-box\" data-id=\"32360ef\" data-element_type=\"column\" data-e-type=\"column\" data-settings=\"{&quot;background_background&quot;:&quot;classic&quot;}\">\n\t\t\t<div class=\"elementor-widget-wrap elementor-element-populated\">\n\t\t\t\t\t\t<div class=\"elementor-element elementor-element-1c5af7f elementor-widget elementor-widget-text-editor\" data-id=\"1c5af7f\" data-element_type=\"widget\" data-e-type=\"widget\" data-widget_type=\"text-editor.default\">\n\t\t\t\t<div class=\"elementor-widget-container\">\n\t\t\t\t\t\t\t\t\t<h2><span style=\"color: #ffffff;\"><strong>Le cabinet<\/strong><\/span><\/h2><p>7 rue de l&rsquo;atelier<br \/>95270 Asni\u00e8res sur Oise<\/p><p>Maison de sant\u00e9 de Royaumont<\/p>\t\t\t\t\t\t\t\t<\/div>\n\t\t\t\t<\/div>\n\t\t\t\t<div class=\"elementor-element elementor-element-f9964f2 elementor-widget elementor-widget-text-editor\" data-id=\"f9964f2\" data-element_type=\"widget\" data-e-type=\"widget\" data-widget_type=\"text-editor.default\">\n\t\t\t\t<div class=\"elementor-widget-container\">\n\t\t\t\t\t\t\t\t\t<hr \/><p>\u00a0<\/p>\t\t\t\t\t\t\t\t<\/div>\n\t\t\t\t<\/div>\n\t\t\t\t<div class=\"elementor-element elementor-element-742600b elementor-widget elementor-widget-text-editor\" data-id=\"742600b\" data-element_type=\"widget\" data-e-type=\"widget\" data-widget_type=\"text-editor.default\">\n\t\t\t\t<div class=\"elementor-widget-container\">\n\t\t\t\t\t\t\t\t\t<p><strong><span style=\"color: #ffffff;\">Num\u00e9ro de t\u00e9l\u00e9phone :<\/span><\/strong><\/p><p><a href=\"tel:0609746741\">06.09.74.67.41<\/a><\/p>\t\t\t\t\t\t\t\t<\/div>\n\t\t\t\t<\/div>\n\t\t\t\t<div class=\"elementor-element elementor-element-8037880 elementor-widget elementor-widget-text-editor\" data-id=\"8037880\" data-element_type=\"widget\" data-e-type=\"widget\" data-widget_type=\"text-editor.default\">\n\t\t\t\t<div class=\"elementor-widget-container\">\n\t\t\t\t\t\t\t\t\t<hr \/><p>\u00a0<\/p>\t\t\t\t\t\t\t\t<\/div>\n\t\t\t\t<\/div>\n\t\t\t\t<div class=\"elementor-element elementor-element-3c2f19f elementor-align-center elementor-widget elementor-widget-qt-button\" data-id=\"3c2f19f\" data-element_type=\"widget\" data-e-type=\"widget\" data-widget_type=\"qt-button.default\">\n\t\t\t\t<div class=\"elementor-widget-container\">\n\t\t\t\t\t        <a href=\"https:\/\/www.doctolib.fr\/osteopathe\/asnieres-sur-oise\/axel-brault\" class=\"btn btn-primary\" target=\"_blank\">\n            Prendre RDV en ligne<\/a>\n        \n        \t\t\t\t<\/div>\n\t\t\t\t<\/div>\n\t\t\t\t<div class=\"elementor-element elementor-element-781429c elementor-widget elementor-widget-text-editor\" data-id=\"781429c\" data-element_type=\"widget\" data-e-type=\"widget\" data-widget_type=\"text-editor.default\">\n\t\t\t\t<div class=\"elementor-widget-container\">\n\t\t\t\t\t\t\t\t\t<hr \/><p>\u00a0<\/p>\t\t\t\t\t\t\t\t<\/div>\n\t\t\t\t<\/div>\n\t\t\t\t\t<\/div>\n\t\t<\/div>\n\t\t\t\t\t<\/div>\n\t\t<\/section>\n\t\t\t\t\t<\/div>\n\t\t<\/div>\n\t\t\t\t\t<\/div>\n\t\t<\/section>\n\t\t\t\t<section class=\"elementor-section elementor-top-section elementor-element elementor-element-a80ad57 elementor-section-boxed elementor-section-height-default elementor-section-height-default\" data-id=\"a80ad57\" data-element_type=\"section\" data-e-type=\"section\">\n\t\t\t\t\t\t<div class=\"elementor-container elementor-column-gap-default\">\n\t\t\t\t\t<div class=\"elementor-column elementor-col-100 elementor-top-column elementor-element elementor-element-dee021b\" data-id=\"dee021b\" data-element_type=\"column\" data-e-type=\"column\">\n\t\t\t<div class=\"elementor-widget-wrap elementor-element-populated\">\n\t\t\t\t\t\t<div class=\"elementor-element elementor-element-1eeb617 elementor-align-center elementor-widget elementor-widget-qt-button\" data-id=\"1eeb617\" data-element_type=\"widget\" data-e-type=\"widget\" data-widget_type=\"qt-button.default\">\n\t\t\t\t<div class=\"elementor-widget-container\">\n\t\t\t\t\t        <a href=\"https:\/\/www.google.com\/maps\/dir\/\/Axel+BRAULT+Ost%C3%A9opathe+D.O+;+Asni%C3%A8res+Sur+Oise,+7+Rue+de+l&#039;Atelier,+95270+Asni%C3%A8res-sur-Oise\/@49.1347996,2.3204328,13z\/data=!4m8!4m7!1m0!1m5!1m1!1s0x47e64451c485f739:0x3ddf33fbdb5a3411!2m2!1d2.3616322!2d49.1347508?entry=ttu&#038;g_ep=EgoyMDI0MTAwNS4yIKXMDSoASAFQAw%3D%3D\" class=\"btn btn-primary\" target=\"_blank\">\n            Cliquez ici pour obtenir l&#039;itin\u00e9raire<\/a>\n        \n        \t\t\t\t<\/div>\n\t\t\t\t<\/div>\n\t\t\t\t<div class=\"elementor-element elementor-element-22e9cd8 elementor-widget elementor-widget-spacer\" data-id=\"22e9cd8\" data-element_type=\"widget\" data-e-type=\"widget\" data-widget_type=\"spacer.default\">\n\t\t\t\t<div class=\"elementor-widget-container\">\n\t\t\t\t\t\t\t<div class=\"elementor-spacer\">\n\t\t\t<div class=\"elementor-spacer-inner\"><\/div>\n\t\t<\/div>\n\t\t\t\t\t\t<\/div>\n\t\t\t\t<\/div>\n\t\t\t\t\t<\/div>\n\t\t<\/div>\n\t\t\t\t\t<\/div>\n\t\t<\/section>\n\t\t\t\t<section class=\"elementor-section elementor-top-section elementor-element elementor-element-069aefc elementor-section-boxed elementor-section-height-default elementor-section-height-default\" data-id=\"069aefc\" data-element_type=\"section\" data-e-type=\"section\">\n\t\t\t\t\t\t<div class=\"elementor-container elementor-column-gap-default\">\n\t\t\t\t\t<div class=\"elementor-column elementor-col-50 elementor-top-column elementor-element elementor-element-889ff43\" data-id=\"889ff43\" data-element_type=\"column\" data-e-type=\"column\">\n\t\t\t<div class=\"elementor-widget-wrap elementor-element-populated\">\n\t\t\t\t\t\t<div class=\"elementor-element elementor-element-04b87e1 elementor-widget__width-initial elementor-widget elementor-widget-image\" data-id=\"04b87e1\" data-element_type=\"widget\" data-e-type=\"widget\" data-widget_type=\"image.default\">\n\t\t\t\t<div class=\"elementor-widget-container\">\n\t\t\t\t\t\t\t\t\t\t\t\t\t\t\t<img fetchpriority=\"high\" decoding=\"async\" width=\"350\" height=\"263\" src=\"https:\/\/brault-osteopathe.fr\/wp-content\/uploads\/2024\/10\/Parking.jpeg\" class=\"attachment-large size-large wp-image-8316\" alt=\"Localisation parking Axel Brault ost\u00e9opathe\" srcset=\"https:\/\/brault-osteopathe.fr\/wp-content\/uploads\/2024\/10\/Parking.jpeg 350w, https:\/\/brault-osteopathe.fr\/wp-content\/uploads\/2024\/10\/Parking-300x225.jpeg 300w\" sizes=\"(max-width: 350px) 100vw, 350px\" \/>\t\t\t\t\t\t\t\t\t\t\t\t\t\t\t<\/div>\n\t\t\t\t<\/div>\n\t\t\t\t\t<\/div>\n\t\t<\/div>\n\t\t\t\t<div class=\"elementor-column elementor-col-50 elementor-top-column elementor-element elementor-element-3d9d719\" data-id=\"3d9d719\" data-element_type=\"column\" data-e-type=\"column\">\n\t\t\t<div class=\"elementor-widget-wrap elementor-element-populated\">\n\t\t\t\t\t\t<div class=\"elementor-element elementor-element-1c88cee elementor-widget elementor-widget-image\" data-id=\"1c88cee\" data-element_type=\"widget\" data-e-type=\"widget\" data-widget_type=\"image.default\">\n\t\t\t\t<div class=\"elementor-widget-container\">\n\t\t\t\t\t\t\t\t\t\t\t\t\t\t\t<img decoding=\"async\" width=\"350\" height=\"263\" src=\"https:\/\/brault-osteopathe.fr\/wp-content\/uploads\/2024\/10\/MSP-entree-1.jpeg\" class=\"attachment-large size-large wp-image-8315\" alt=\"Localisation cabinet Axel Brault\" srcset=\"https:\/\/brault-osteopathe.fr\/wp-content\/uploads\/2024\/10\/MSP-entree-1.jpeg 350w, https:\/\/brault-osteopathe.fr\/wp-content\/uploads\/2024\/10\/MSP-entree-1-300x225.jpeg 300w\" sizes=\"(max-width: 350px) 100vw, 350px\" \/>\t\t\t\t\t\t\t\t\t\t\t\t\t\t\t<\/div>\n\t\t\t\t<\/div>\n\t\t\t\t\t<\/div>\n\t\t<\/div>\n\t\t\t\t\t<\/div>\n\t\t<\/section>\n\t\t\t\t<section class=\"elementor-section elementor-top-section elementor-element elementor-element-5f8fe66 elementor-section-boxed elementor-section-height-default elementor-section-height-default\" data-id=\"5f8fe66\" data-element_type=\"section\" data-e-type=\"section\">\n\t\t\t\t\t\t<div class=\"elementor-container elementor-column-gap-default\">\n\t\t\t\t\t<div class=\"elementor-column elementor-col-50 elementor-top-column elementor-element elementor-element-bb83c7f\" data-id=\"bb83c7f\" data-element_type=\"column\" data-e-type=\"column\">\n\t\t\t<div class=\"elementor-widget-wrap elementor-element-populated\">\n\t\t\t\t\t\t<div class=\"elementor-element elementor-element-327d3d3 elementor-widget elementor-widget-heading\" data-id=\"327d3d3\" data-element_type=\"widget\" data-e-type=\"widget\" data-widget_type=\"heading.default\">\n\t\t\t\t<div class=\"elementor-widget-container\">\n\t\t\t\t\t<h2 class=\"elementor-heading-title elementor-size-default\">Stationnement\n\n<\/h2>\t\t\t\t<\/div>\n\t\t\t\t<\/div>\n\t\t\t\t<div class=\"elementor-element elementor-element-430bc09 elementor-widget elementor-widget-text-editor\" data-id=\"430bc09\" data-element_type=\"widget\" data-e-type=\"widget\" data-widget_type=\"text-editor.default\">\n\t\t\t\t<div class=\"elementor-widget-container\">\n\t\t\t\t\t\t\t\t\t<p><strong>Places bleues<\/strong> (disque obligatoire) <span style=\"text-decoration: underline;\">rue de l&rsquo;atelier<\/span> <span style=\"text-decoration: underline;\">(<\/span>voir photo<span style=\"text-decoration: underline;\">)<\/span>, rue de Royaumont.<\/p><p>Places libres \u00e0 proximit\u00e9 rue de Royaumont, grande rue, parking du stade Delacoste.<\/p>\t\t\t\t\t\t\t\t<\/div>\n\t\t\t\t<\/div>\n\t\t\t\t\t<\/div>\n\t\t<\/div>\n\t\t\t\t<div class=\"elementor-column elementor-col-50 elementor-top-column elementor-element elementor-element-7788291\" data-id=\"7788291\" data-element_type=\"column\" data-e-type=\"column\">\n\t\t\t<div class=\"elementor-widget-wrap elementor-element-populated\">\n\t\t\t\t\t\t<div class=\"elementor-element elementor-element-d5c35af elementor-widget elementor-widget-heading\" data-id=\"d5c35af\" data-element_type=\"widget\" data-e-type=\"widget\" data-widget_type=\"heading.default\">\n\t\t\t\t<div class=\"elementor-widget-container\">\n\t\t\t\t\t<h2 class=\"elementor-heading-title elementor-size-default\">Maison de sant\u00e9 de Royaumont<\/h2>\t\t\t\t<\/div>\n\t\t\t\t<\/div>\n\t\t\t\t<div class=\"elementor-element elementor-element-76cf3b3 elementor-widget elementor-widget-text-editor\" data-id=\"76cf3b3\" data-element_type=\"widget\" data-e-type=\"widget\" data-widget_type=\"text-editor.default\">\n\t\t\t\t<div class=\"elementor-widget-container\">\n\t\t\t\t\t\t\t\t\t<p>Entr\u00e9e au 7 rue de l&rsquo;atelier, une salle d&rsquo;attente est pr\u00e9sente \u00e0 l&rsquo;int\u00e9rieur, veuillez vous installer et attendre l&rsquo;arriv\u00e9e de votre praticien, en cas de retard n&rsquo;h\u00e9sitez pas \u00e0 lui envoyer un SMS pour le pr\u00e9venir. <\/p>\t\t\t\t\t\t\t\t<\/div>\n\t\t\t\t<\/div>\n\t\t\t\t\t<\/div>\n\t\t<\/div>\n\t\t\t\t\t<\/div>\n\t\t<\/section>\n\t\t\t\t<section class=\"elementor-section elementor-top-section elementor-element elementor-element-7473d50 elementor-section-boxed elementor-section-height-default elementor-section-height-default\" data-id=\"7473d50\" data-element_type=\"section\" data-e-type=\"section\">\n\t\t\t\t\t\t<div class=\"elementor-container elementor-column-gap-default\">\n\t\t\t\t\t<div class=\"elementor-column elementor-col-100 elementor-top-column elementor-element elementor-element-c39bc7c\" data-id=\"c39bc7c\" data-element_type=\"column\" data-e-type=\"column\">\n\t\t\t<div class=\"elementor-widget-wrap elementor-element-populated\">\n\t\t\t\t\t\t<div class=\"elementor-element elementor-element-d31efe5 elementor-align-center elementor-widget elementor-widget-qt-button\" data-id=\"d31efe5\" data-element_type=\"widget\" data-e-type=\"widget\" data-widget_type=\"qt-button.default\">\n\t\t\t\t<div class=\"elementor-widget-container\">\n\t\t\t\t\t        <a href=\"https:\/\/brault-osteopathe.fr\/index.php\/osteopathe-en-entreprise\/\" class=\"btn btn-primary\">\n            Formulaire de contact pour l&#039;ost\u00e9opathie en entreprise dans le Val d&#039;Oise, L&#039;Oise et les Hauts de Seine<\/a>\n        \n        \t\t\t\t<\/div>\n\t\t\t\t<\/div>\n\t\t\t\t\t<\/div>\n\t\t<\/div>\n\t\t\t\t\t<\/div>\n\t\t<\/section>\n\t\t\t\t<\/div>\n\t\t","protected":false},"excerpt":{"rendered":"<p>Le cabinet 7 rue de l&rsquo;atelier95270 Asni\u00e8res sur Oise Maison de sant\u00e9 de Royaumont \u00a0 Num\u00e9ro de t\u00e9l\u00e9phone : 06.09.74.67.41 \u00a0 Prendre RDV en ligne \u00a0 Cliquez ici pour obtenir l&#039;itin\u00e9raire Stationnement Places bleues (disque obligatoire) rue de l&rsquo;atelier (voir photo), rue de Royaumont. Places libres \u00e0 proximit\u00e9 rue de Royaumont, grande rue, parking du [&hellip;]<\/p>\n","protected":false},"author":5,"featured_media":0,"parent":7926,"menu_order":0,"comment_status":"closed","ping_status":"closed","template":"","meta":{"_acf_changed":false,"footnotes":""},"class_list":["post-7993","page","type-page","status-publish","hentry"],"acf":[],"yoast_head":"<!-- This site is optimized with the Yoast SEO plugin v27.5 - https:\/\/yoast.com\/product\/yoast-seo-wordpress\/ -->\n<title>Localisation Axel Brault Ost\u00e9opathe cabinet et entreprise<\/title>\n<meta name=\"description\" content=\"Retrouvez le la localisation de votre ost\u00e9opathe Axel Brault, l&#039;itin\u00e9raire, les informations de stationnement, le contact...\" \/>\n<meta name=\"robots\" content=\"index, follow, max-snippet:-1, max-image-preview:large, max-video-preview:-1\" \/>\n<link rel=\"canonical\" href=\"https:\/\/brault-osteopathe.fr\/index.php\/osteopathe-val-doise\/localisation-axel-brault\/\" \/>\n<meta property=\"og:locale\" content=\"fr_FR\" \/>\n<meta property=\"og:type\" content=\"article\" \/>\n<meta property=\"og:title\" content=\"Localisation Axel Brault Ost\u00e9opathe cabinet et entreprise\" \/>\n<meta property=\"og:description\" content=\"Retrouvez le la localisation de votre ost\u00e9opathe Axel Brault, l&#039;itin\u00e9raire, les informations de stationnement, le contact...\" \/>\n<meta property=\"og:url\" content=\"https:\/\/brault-osteopathe.fr\/index.php\/osteopathe-val-doise\/localisation-axel-brault\/\" \/>\n<meta property=\"og:site_name\" content=\"AB Ost\u00e9opathie\" \/>\n<meta property=\"article:modified_time\" content=\"2024-10-16T16:06:51+00:00\" \/>\n<meta property=\"og:image\" content=\"https:\/\/brault-osteopathe.fr\/wp-content\/uploads\/2024\/10\/Parking.jpeg\" \/>\n<meta name=\"twitter:card\" content=\"summary_large_image\" \/>\n<meta name=\"twitter:label1\" content=\"Dur\u00e9e de lecture estim\u00e9e\" \/>\n\t<meta name=\"twitter:data1\" content=\"1 minute\" \/>\n<script type=\"application\/ld+json\" class=\"yoast-schema-graph\">{\"@context\":\"https:\\\/\\\/schema.org\",\"@graph\":[{\"@type\":\"WebPage\",\"@id\":\"https:\\\/\\\/brault-osteopathe.fr\\\/index.php\\\/osteopathe-val-doise\\\/localisation-axel-brault\\\/\",\"url\":\"https:\\\/\\\/brault-osteopathe.fr\\\/index.php\\\/osteopathe-val-doise\\\/localisation-axel-brault\\\/\",\"name\":\"Localisation Axel Brault Ost\u00e9opathe cabinet et entreprise\",\"isPartOf\":{\"@id\":\"https:\\\/\\\/brault-osteopathe.fr\\\/#website\"},\"primaryImageOfPage\":{\"@id\":\"https:\\\/\\\/brault-osteopathe.fr\\\/index.php\\\/osteopathe-val-doise\\\/localisation-axel-brault\\\/#primaryimage\"},\"image\":{\"@id\":\"https:\\\/\\\/brault-osteopathe.fr\\\/index.php\\\/osteopathe-val-doise\\\/localisation-axel-brault\\\/#primaryimage\"},\"thumbnailUrl\":\"https:\\\/\\\/brault-osteopathe.fr\\\/wp-content\\\/uploads\\\/2024\\\/10\\\/Parking.jpeg\",\"datePublished\":\"2023-09-03T15:30:07+00:00\",\"dateModified\":\"2024-10-16T16:06:51+00:00\",\"description\":\"Retrouvez le la localisation de votre ost\u00e9opathe Axel Brault, l'itin\u00e9raire, les informations de stationnement, le contact...\",\"breadcrumb\":{\"@id\":\"https:\\\/\\\/brault-osteopathe.fr\\\/index.php\\\/osteopathe-val-doise\\\/localisation-axel-brault\\\/#breadcrumb\"},\"inLanguage\":\"fr-FR\",\"potentialAction\":[{\"@type\":\"ReadAction\",\"target\":[\"https:\\\/\\\/brault-osteopathe.fr\\\/index.php\\\/osteopathe-val-doise\\\/localisation-axel-brault\\\/\"]}]},{\"@type\":\"ImageObject\",\"inLanguage\":\"fr-FR\",\"@id\":\"https:\\\/\\\/brault-osteopathe.fr\\\/index.php\\\/osteopathe-val-doise\\\/localisation-axel-brault\\\/#primaryimage\",\"url\":\"https:\\\/\\\/brault-osteopathe.fr\\\/wp-content\\\/uploads\\\/2024\\\/10\\\/Parking.jpeg\",\"contentUrl\":\"https:\\\/\\\/brault-osteopathe.fr\\\/wp-content\\\/uploads\\\/2024\\\/10\\\/Parking.jpeg\",\"width\":350,\"height\":263,\"caption\":\"Localisation parking Axel Brault ost\u00e9opathe\"},{\"@type\":\"BreadcrumbList\",\"@id\":\"https:\\\/\\\/brault-osteopathe.fr\\\/index.php\\\/osteopathe-val-doise\\\/localisation-axel-brault\\\/#breadcrumb\",\"itemListElement\":[{\"@type\":\"ListItem\",\"position\":1,\"name\":\"Accueil\",\"item\":\"https:\\\/\\\/brault-osteopathe.fr\\\/\"},{\"@type\":\"ListItem\",\"position\":2,\"name\":\"Au cabinet\",\"item\":\"https:\\\/\\\/brault-osteopathe.fr\\\/index.php\\\/osteopathe-val-doise\\\/\"},{\"@type\":\"ListItem\",\"position\":3,\"name\":\"Localisation\"}]},{\"@type\":\"WebSite\",\"@id\":\"https:\\\/\\\/brault-osteopathe.fr\\\/#website\",\"url\":\"https:\\\/\\\/brault-osteopathe.fr\\\/\",\"name\":\"AB Ost\u00e9opathie\",\"description\":\"Votre ost\u00e9opathe \u00e0 Asni\u00e8res sur Oise\",\"potentialAction\":[{\"@type\":\"SearchAction\",\"target\":{\"@type\":\"EntryPoint\",\"urlTemplate\":\"https:\\\/\\\/brault-osteopathe.fr\\\/?s={search_term_string}\"},\"query-input\":{\"@type\":\"PropertyValueSpecification\",\"valueRequired\":true,\"valueName\":\"search_term_string\"}}],\"inLanguage\":\"fr-FR\"}]}<\/script>\n<!-- \/ Yoast SEO plugin. -->","yoast_head_json":{"title":"Localisation Axel Brault Ost\u00e9opathe cabinet et entreprise","description":"Retrouvez le la localisation de votre ost\u00e9opathe Axel Brault, l'itin\u00e9raire, les informations de stationnement, le contact...","robots":{"index":"index","follow":"follow","max-snippet":"max-snippet:-1","max-image-preview":"max-image-preview:large","max-video-preview":"max-video-preview:-1"},"canonical":"https:\/\/brault-osteopathe.fr\/index.php\/osteopathe-val-doise\/localisation-axel-brault\/","og_locale":"fr_FR","og_type":"article","og_title":"Localisation Axel Brault Ost\u00e9opathe cabinet et entreprise","og_description":"Retrouvez le la localisation de votre ost\u00e9opathe Axel Brault, l'itin\u00e9raire, les informations de stationnement, le contact...","og_url":"https:\/\/brault-osteopathe.fr\/index.php\/osteopathe-val-doise\/localisation-axel-brault\/","og_site_name":"AB Ost\u00e9opathie","article_modified_time":"2024-10-16T16:06:51+00:00","og_image":[{"url":"https:\/\/brault-osteopathe.fr\/wp-content\/uploads\/2024\/10\/Parking.jpeg","type":"","width":"","height":""}],"twitter_card":"summary_large_image","twitter_misc":{"Dur\u00e9e de lecture estim\u00e9e":"1 minute"},"schema":{"@context":"https:\/\/schema.org","@graph":[{"@type":"WebPage","@id":"https:\/\/brault-osteopathe.fr\/index.php\/osteopathe-val-doise\/localisation-axel-brault\/","url":"https:\/\/brault-osteopathe.fr\/index.php\/osteopathe-val-doise\/localisation-axel-brault\/","name":"Localisation Axel Brault Ost\u00e9opathe cabinet et entreprise","isPartOf":{"@id":"https:\/\/brault-osteopathe.fr\/#website"},"primaryImageOfPage":{"@id":"https:\/\/brault-osteopathe.fr\/index.php\/osteopathe-val-doise\/localisation-axel-brault\/#primaryimage"},"image":{"@id":"https:\/\/brault-osteopathe.fr\/index.php\/osteopathe-val-doise\/localisation-axel-brault\/#primaryimage"},"thumbnailUrl":"https:\/\/brault-osteopathe.fr\/wp-content\/uploads\/2024\/10\/Parking.jpeg","datePublished":"2023-09-03T15:30:07+00:00","dateModified":"2024-10-16T16:06:51+00:00","description":"Retrouvez le la localisation de votre ost\u00e9opathe Axel Brault, l'itin\u00e9raire, les informations de stationnement, le contact...","breadcrumb":{"@id":"https:\/\/brault-osteopathe.fr\/index.php\/osteopathe-val-doise\/localisation-axel-brault\/#breadcrumb"},"inLanguage":"fr-FR","potentialAction":[{"@type":"ReadAction","target":["https:\/\/brault-osteopathe.fr\/index.php\/osteopathe-val-doise\/localisation-axel-brault\/"]}]},{"@type":"ImageObject","inLanguage":"fr-FR","@id":"https:\/\/brault-osteopathe.fr\/index.php\/osteopathe-val-doise\/localisation-axel-brault\/#primaryimage","url":"https:\/\/brault-osteopathe.fr\/wp-content\/uploads\/2024\/10\/Parking.jpeg","contentUrl":"https:\/\/brault-osteopathe.fr\/wp-content\/uploads\/2024\/10\/Parking.jpeg","width":350,"height":263,"caption":"Localisation parking Axel Brault ost\u00e9opathe"},{"@type":"BreadcrumbList","@id":"https:\/\/brault-osteopathe.fr\/index.php\/osteopathe-val-doise\/localisation-axel-brault\/#breadcrumb","itemListElement":[{"@type":"ListItem","position":1,"name":"Accueil","item":"https:\/\/brault-osteopathe.fr\/"},{"@type":"ListItem","position":2,"name":"Au cabinet","item":"https:\/\/brault-osteopathe.fr\/index.php\/osteopathe-val-doise\/"},{"@type":"ListItem","position":3,"name":"Localisation"}]},{"@type":"WebSite","@id":"https:\/\/brault-osteopathe.fr\/#website","url":"https:\/\/brault-osteopathe.fr\/","name":"AB Ost\u00e9opathie","description":"Votre ost\u00e9opathe \u00e0 Asni\u00e8res sur Oise","potentialAction":[{"@type":"SearchAction","target":{"@type":"EntryPoint","urlTemplate":"https:\/\/brault-osteopathe.fr\/?s={search_term_string}"},"query-input":{"@type":"PropertyValueSpecification","valueRequired":true,"valueName":"search_term_string"}}],"inLanguage":"fr-FR"}]}},"_links":{"self":[{"href":"https:\/\/brault-osteopathe.fr\/index.php\/wp-json\/wp\/v2\/pages\/7993","targetHints":{"allow":["GET"]}}],"collection":[{"href":"https:\/\/brault-osteopathe.fr\/index.php\/wp-json\/wp\/v2\/pages"}],"about":[{"href":"https:\/\/brault-osteopathe.fr\/index.php\/wp-json\/wp\/v2\/types\/page"}],"author":[{"embeddable":true,"href":"https:\/\/brault-osteopathe.fr\/index.php\/wp-json\/wp\/v2\/users\/5"}],"replies":[{"embeddable":true,"href":"https:\/\/brault-osteopathe.fr\/index.php\/wp-json\/wp\/v2\/comments?post=7993"}],"version-history":[{"count":28,"href":"https:\/\/brault-osteopathe.fr\/index.php\/wp-json\/wp\/v2\/pages\/7993\/revisions"}],"predecessor-version":[{"id":8628,"href":"https:\/\/brault-osteopathe.fr\/index.php\/wp-json\/wp\/v2\/pages\/7993\/revisions\/8628"}],"up":[{"embeddable":true,"href":"https:\/\/brault-osteopathe.fr\/index.php\/wp-json\/wp\/v2\/pages\/7926"}],"wp:attachment":[{"href":"https:\/\/brault-osteopathe.fr\/index.php\/wp-json\/wp\/v2\/media?parent=7993"}],"curies":[{"name":"wp","href":"https:\/\/api.w.org\/{rel}","templated":true}]}}