{"id":7975,"date":"2023-09-03T15:21:12","date_gmt":"2023-09-03T15:21:12","guid":{"rendered":"https:\/\/export-demos.qreativethemes.com\/elementor-physio\/?page_id=7975"},"modified":"2024-11-05T15:59:00","modified_gmt":"2024-11-05T14:59:00","slug":"faq-page","status":"publish","type":"page","link":"https:\/\/brault-osteopathe.fr\/index.php\/osteopathe-val-doise\/faq-page\/","title":{"rendered":"FAQ"},"content":{"rendered":"\t\t<div data-elementor-type=\"wp-page\" data-elementor-id=\"7975\" class=\"elementor elementor-7975\">\n\t\t\t\t\t\t<section class=\"elementor-section elementor-top-section elementor-element elementor-element-42e9b8c elementor-section-boxed elementor-section-height-default elementor-section-height-default\" data-id=\"42e9b8c\" data-element_type=\"section\" data-e-type=\"section\">\n\t\t\t\t\t\t<div class=\"elementor-container elementor-column-gap-default\">\n\t\t\t\t\t<div class=\"elementor-column elementor-col-100 elementor-top-column elementor-element elementor-element-fcd6367\" data-id=\"fcd6367\" data-element_type=\"column\" data-e-type=\"column\">\n\t\t\t<div class=\"elementor-widget-wrap elementor-element-populated\">\n\t\t\t\t\t\t<div class=\"elementor-element elementor-element-d0a4ead elementor-widget elementor-widget-qt-accordion\" data-id=\"d0a4ead\" data-element_type=\"widget\" data-e-type=\"widget\" data-widget_type=\"qt-accordion.default\">\n\t\t\t\t<div class=\"elementor-widget-container\">\n\t\t\t\t\t\n        <div class=\"panel-group\" id=\"accordion-0\" data-panel=\"accordion-0\">\n\n                            \n                \n                <div class=\"panel\">\n                    <div class=\"panel-heading\">\n                        <h6 class=\"panel-title\">\n                            <a class=\"accordion-toggle\" data-toggle=\"collapse\" data-parent=\"#accordion-0\" href=\"#collapse_0\" aria-expanded=\"true\">Quelle est l'adresse du cabinet de M. Axel Brault                            <\/a>\n                        <\/h6>\n                    <\/div>\n\n                    <div id=\"collapse_0\" class=\"panel-collapse collapse in\" aria-label=\"Quelle est l&#039;adresse du cabinet de M. Axel Brault\" data-parent=\"#accordion-0\">\n                        <div class=\"panel-body\"><p>L'adresse de votre cabinet est : 7 rue de l'atelier Asni\u00e8res sur Oise (95270).<\/p><\/div>\n                    <\/div>\n                <\/div>\n\n                            \n                \n                <div class=\"panel\">\n                    <div class=\"panel-heading\">\n                        <h6 class=\"panel-title\">\n                            <a class=\"accordion-toggle\" data-toggle=\"collapse\" data-parent=\"#accordion-0\" href=\"#collapse_1\" aria-expanded=\"false\">Quels sont les moyens de paiements accept\u00e9s par M. Axel Brault                            <\/a>\n                        <\/h6>\n                    <\/div>\n\n                    <div id=\"collapse_1\" class=\"panel-collapse collapse\" aria-label=\"Quels sont les moyens de paiements accept\u00e9s par M. Axel Brault\" data-parent=\"#accordion-0\">\n                        <div class=\"panel-body\"><p>Axel Brault accepte les moyens de paiement suivant : Ch\u00e8que, esp\u00e8ces, Paylib, virement.<\/p><\/div>\n                    <\/div>\n                <\/div>\n\n                            \n                \n                <div class=\"panel\">\n                    <div class=\"panel-heading\">\n                        <h6 class=\"panel-title\">\n                            <a class=\"accordion-toggle\" data-toggle=\"collapse\" data-parent=\"#accordion-0\" href=\"#collapse_2\" aria-expanded=\"false\">Axel Brault accepte-t-il les nouveaux patients ?                             <\/a>\n                        <\/h6>\n                    <\/div>\n\n                    <div id=\"collapse_2\" class=\"panel-collapse collapse\" aria-label=\"Axel Brault accepte-t-il les nouveaux patients ? \" data-parent=\"#accordion-0\">\n                        <div class=\"panel-body\"><p>Oui, votre ost\u00e9opathe accepte les nouveaux patients.<\/p><\/div>\n                    <\/div>\n                <\/div>\n\n                            \n                \n                <div class=\"panel\">\n                    <div class=\"panel-heading\">\n                        <h6 class=\"panel-title\">\n                            <a class=\"accordion-toggle\" data-toggle=\"collapse\" data-parent=\"#accordion-0\" href=\"#collapse_3\" aria-expanded=\"false\">Quelles sont les horaires d'ouverture ?                            <\/a>\n                        <\/h6>\n                    <\/div>\n\n                    <div id=\"collapse_3\" class=\"panel-collapse collapse\" aria-label=\"Quelles sont les horaires d&#039;ouverture ?\" data-parent=\"#accordion-0\">\n                        <div class=\"panel-body\"><p>M. Axel Brault est ouvert :<\/p><ul class=\"dl-padding-l-16\"><li>Lundi : 10h00 - 13h00, 15h00 - 20h00<\/li><li>Mardi : 11h00 - 20h00<\/li><li>Mercredi : 16h00 - 20h00<\/li><li>Jeudi : 14h00 - 18h00<\/li><li>Vendredi : 11h00 - 19h00<\/li><\/ul><\/div>\n                    <\/div>\n                <\/div>\n\n            \n        <\/div>\n        \n    \t\t\t\t<\/div>\n\t\t\t\t<\/div>\n\t\t\t\t\t<\/div>\n\t\t<\/div>\n\t\t\t\t\t<\/div>\n\t\t<\/section>\n\t\t\t\t<section class=\"elementor-section elementor-top-section elementor-element elementor-element-c991342 elementor-section-boxed elementor-section-height-default elementor-section-height-default\" data-id=\"c991342\" data-element_type=\"section\" data-e-type=\"section\" data-settings=\"{&quot;background_background&quot;:&quot;classic&quot;}\">\n\t\t\t\t\t\t<div class=\"elementor-container elementor-column-gap-default\">\n\t\t\t\t\t<div class=\"elementor-column elementor-col-100 elementor-top-column elementor-element elementor-element-743a9f3\" data-id=\"743a9f3\" data-element_type=\"column\" data-e-type=\"column\">\n\t\t\t<div class=\"elementor-widget-wrap elementor-element-populated\">\n\t\t\t\t\t\t<div class=\"elementor-element elementor-element-bcff63c elementor-align-center elementor-widget elementor-widget-qt-custom-heading\" data-id=\"bcff63c\" data-element_type=\"widget\" data-e-type=\"widget\" data-widget_type=\"qt-custom-heading.default\">\n\t\t\t\t<div class=\"elementor-widget-container\">\n\t\t\t\t\t            <div class=\"custom-heading\">\n                <h2 class=\"widget-title\"><span class=\"normal\">Posez<\/span> vos questions<\/h2>\n            <\/div>\n        \t\t\t\t<\/div>\n\t\t\t\t<\/div>\n\t\t\t\t<div class=\"elementor-element elementor-element-752dbe5 elementor-widget elementor-widget-text-editor\" data-id=\"752dbe5\" data-element_type=\"widget\" data-e-type=\"widget\" data-widget_type=\"text-editor.default\">\n\t\t\t\t<div class=\"elementor-widget-container\">\n\t\t\t\t\t\t\t\t\t<p style=\"text-align: center;\">Pour toutes questions que vous jugerez utiles envoyez un SMS, laissez un messge vocal \u00e0 votre ost\u00e9opathe ou bien posez vos questions directement au cabinet.<\/p>\t\t\t\t\t\t\t\t<\/div>\n\t\t\t\t<\/div>\n\t\t\t\t<div class=\"elementor-element elementor-element-04d9732 elementor-align-center elementor-widget elementor-widget-qt-button\" data-id=\"04d9732\" data-element_type=\"widget\" data-e-type=\"widget\" data-widget_type=\"qt-button.default\">\n\t\t\t\t<div class=\"elementor-widget-container\">\n\t\t\t\t\t        <a href=\"https:\/\/brault-osteopathe.fr\/index.php\/contact\/\" class=\"btn btn-primary\">\n            Contact<\/a>\n        \n        \t\t\t\t<\/div>\n\t\t\t\t<\/div>\n\t\t\t\t\t<\/div>\n\t\t<\/div>\n\t\t\t\t\t<\/div>\n\t\t<\/section>\n\t\t\t\t<section class=\"elementor-section elementor-top-section elementor-element elementor-element-33b2ba6 elementor-section-boxed elementor-section-height-default elementor-section-height-default\" data-id=\"33b2ba6\" data-element_type=\"section\" data-e-type=\"section\">\n\t\t\t\t\t\t<div class=\"elementor-container elementor-column-gap-default\">\n\t\t\t\t\t<div class=\"elementor-column elementor-col-100 elementor-top-column elementor-element elementor-element-8da0958\" data-id=\"8da0958\" data-element_type=\"column\" data-e-type=\"column\">\n\t\t\t<div class=\"elementor-widget-wrap elementor-element-populated\">\n\t\t\t\t\t\t<div class=\"elementor-element elementor-element-b1f3d74 elementor-widget elementor-widget-image\" data-id=\"b1f3d74\" data-element_type=\"widget\" data-e-type=\"widget\" data-widget_type=\"image.default\">\n\t\t\t\t<div class=\"elementor-widget-container\">\n\t\t\t\t\t\t\t\t\t\t\t\t\t\t\t<img fetchpriority=\"high\" decoding=\"async\" width=\"1271\" height=\"715\" src=\"https:\/\/brault-osteopathe.fr\/wp-content\/uploads\/2024\/10\/Logo-alt-format-web.png\" class=\"attachment-physio-qt-slider-l size-physio-qt-slider-l wp-image-21\" alt=\"FAQ ost\u00e9opathe Asni\u00e8res sur Oise\" srcset=\"https:\/\/brault-osteopathe.fr\/wp-content\/uploads\/2024\/10\/Logo-alt-format-web.png 1920w, https:\/\/brault-osteopathe.fr\/wp-content\/uploads\/2024\/10\/Logo-alt-format-web-300x169.png 300w, https:\/\/brault-osteopathe.fr\/wp-content\/uploads\/2024\/10\/Logo-alt-format-web-1024x576.png 1024w, https:\/\/brault-osteopathe.fr\/wp-content\/uploads\/2024\/10\/Logo-alt-format-web-768x432.png 768w, https:\/\/brault-osteopathe.fr\/wp-content\/uploads\/2024\/10\/Logo-alt-format-web-1536x864.png 1536w\" sizes=\"(max-width: 1271px) 100vw, 1271px\" \/>\t\t\t\t\t\t\t\t\t\t\t\t\t\t\t<\/div>\n\t\t\t\t<\/div>\n\t\t\t\t\t<\/div>\n\t\t<\/div>\n\t\t\t\t\t<\/div>\n\t\t<\/section>\n\t\t\t\t<section class=\"elementor-section elementor-top-section elementor-element elementor-element-98d6f13 elementor-section-boxed elementor-section-height-default elementor-section-height-default\" data-id=\"98d6f13\" data-element_type=\"section\" data-e-type=\"section\">\n\t\t\t\t\t\t<div class=\"elementor-container elementor-column-gap-default\">\n\t\t\t\t\t<div class=\"elementor-column elementor-col-100 elementor-top-column elementor-element elementor-element-5490043\" data-id=\"5490043\" data-element_type=\"column\" data-e-type=\"column\">\n\t\t\t<div class=\"elementor-widget-wrap elementor-element-populated\">\n\t\t\t\t\t\t<div class=\"elementor-element elementor-element-1e9220d elementor-align-center elementor-widget elementor-widget-qt-button\" data-id=\"1e9220d\" data-element_type=\"widget\" data-e-type=\"widget\" data-widget_type=\"qt-button.default\">\n\t\t\t\t<div class=\"elementor-widget-container\">\n\t\t\t\t\t        <a href=\"https:\/\/www.doctolib.fr\/osteopathe\/asnieres-sur-oise\/axel-brault\/booking\/motives?specialityId=10&#038;telehealth=false&#038;placeId=practice-84593&#038;profile_skipped=true&#038;bookingFunnelSource=external_referral\" class=\"btn btn-primary\" target=\"_blank\">\n            Prendre RDV en ligne<\/a>\n        \n        \t\t\t\t<\/div>\n\t\t\t\t<\/div>\n\t\t\t\t\t<\/div>\n\t\t<\/div>\n\t\t\t\t\t<\/div>\n\t\t<\/section>\n\t\t\t\t<\/div>\n\t\t","protected":false},"excerpt":{"rendered":"<p>Quelle est l&rsquo;adresse du cabinet de M. Axel Brault L&rsquo;adresse de votre cabinet est : 7 rue de l&rsquo;atelier Asni\u00e8res sur Oise (95270). Quels sont les moyens de paiements accept\u00e9s par M. Axel Brault Axel Brault accepte les moyens de paiement suivant : Ch\u00e8que, esp\u00e8ces, Paylib, virement. Axel Brault accepte-t-il les nouveaux patients ? Oui, [&hellip;]<\/p>\n","protected":false},"author":5,"featured_media":0,"parent":7926,"menu_order":0,"comment_status":"closed","ping_status":"closed","template":"","meta":{"_acf_changed":false,"footnotes":""},"class_list":["post-7975","page","type-page","status-publish","hentry"],"acf":[],"yoast_head":"<!-- This site is optimized with the Yoast SEO plugin v27.3 - https:\/\/yoast.com\/product\/yoast-seo-wordpress\/ -->\n<title>FAQ ost\u00e9opathe<\/title>\n<meta name=\"description\" content=\"Faq ost\u00e9opathe - question r\u00e9ponse ost\u00e9opathe \u00e0 Asni\u00e8res sur Oise et en entreprise dans le Val d&#039;Oise et l&#039;Oise\" \/>\n<meta name=\"robots\" content=\"index, follow, max-snippet:-1, max-image-preview:large, max-video-preview:-1\" \/>\n<link rel=\"canonical\" href=\"https:\/\/brault-osteopathe.fr\/index.php\/osteopathe-val-doise\/faq-page\/\" \/>\n<meta property=\"og:locale\" content=\"fr_FR\" \/>\n<meta property=\"og:type\" content=\"article\" \/>\n<meta property=\"og:title\" content=\"FAQ ost\u00e9opathe\" \/>\n<meta property=\"og:description\" content=\"Faq ost\u00e9opathe - question r\u00e9ponse ost\u00e9opathe \u00e0 Asni\u00e8res sur Oise et en entreprise dans le Val d&#039;Oise et l&#039;Oise\" \/>\n<meta property=\"og:url\" content=\"https:\/\/brault-osteopathe.fr\/index.php\/osteopathe-val-doise\/faq-page\/\" \/>\n<meta property=\"og:site_name\" content=\"AB Ost\u00e9opathie\" \/>\n<meta property=\"article:modified_time\" content=\"2024-11-05T14:59:00+00:00\" \/>\n<meta property=\"og:image\" content=\"https:\/\/brault-osteopathe.fr\/wp-content\/uploads\/2024\/10\/Logo-alt-format-web.png\" \/>\n<meta name=\"twitter:card\" content=\"summary_large_image\" \/>\n<meta name=\"twitter:label1\" content=\"Dur\u00e9e de lecture estim\u00e9e\" \/>\n\t<meta name=\"twitter:data1\" content=\"1 minute\" \/>\n<script type=\"application\/ld+json\" class=\"yoast-schema-graph\">{\"@context\":\"https:\\\/\\\/schema.org\",\"@graph\":[{\"@type\":\"WebPage\",\"@id\":\"https:\\\/\\\/brault-osteopathe.fr\\\/index.php\\\/osteopathe-val-doise\\\/faq-page\\\/\",\"url\":\"https:\\\/\\\/brault-osteopathe.fr\\\/index.php\\\/osteopathe-val-doise\\\/faq-page\\\/\",\"name\":\"FAQ ost\u00e9opathe\",\"isPartOf\":{\"@id\":\"https:\\\/\\\/brault-osteopathe.fr\\\/#website\"},\"primaryImageOfPage\":{\"@id\":\"https:\\\/\\\/brault-osteopathe.fr\\\/index.php\\\/osteopathe-val-doise\\\/faq-page\\\/#primaryimage\"},\"image\":{\"@id\":\"https:\\\/\\\/brault-osteopathe.fr\\\/index.php\\\/osteopathe-val-doise\\\/faq-page\\\/#primaryimage\"},\"thumbnailUrl\":\"https:\\\/\\\/brault-osteopathe.fr\\\/wp-content\\\/uploads\\\/2024\\\/10\\\/Logo-alt-format-web.png\",\"datePublished\":\"2023-09-03T15:21:12+00:00\",\"dateModified\":\"2024-11-05T14:59:00+00:00\",\"description\":\"Faq ost\u00e9opathe - question r\u00e9ponse ost\u00e9opathe \u00e0 Asni\u00e8res sur Oise et en entreprise dans le Val d'Oise et l'Oise\",\"breadcrumb\":{\"@id\":\"https:\\\/\\\/brault-osteopathe.fr\\\/index.php\\\/osteopathe-val-doise\\\/faq-page\\\/#breadcrumb\"},\"inLanguage\":\"fr-FR\",\"potentialAction\":[{\"@type\":\"ReadAction\",\"target\":[\"https:\\\/\\\/brault-osteopathe.fr\\\/index.php\\\/osteopathe-val-doise\\\/faq-page\\\/\"]}]},{\"@type\":\"ImageObject\",\"inLanguage\":\"fr-FR\",\"@id\":\"https:\\\/\\\/brault-osteopathe.fr\\\/index.php\\\/osteopathe-val-doise\\\/faq-page\\\/#primaryimage\",\"url\":\"https:\\\/\\\/brault-osteopathe.fr\\\/wp-content\\\/uploads\\\/2024\\\/10\\\/Logo-alt-format-web.png\",\"contentUrl\":\"https:\\\/\\\/brault-osteopathe.fr\\\/wp-content\\\/uploads\\\/2024\\\/10\\\/Logo-alt-format-web.png\",\"width\":1920,\"height\":1080,\"caption\":\"FAQ ost\u00e9opathe Asni\u00e8res sur Oise\"},{\"@type\":\"BreadcrumbList\",\"@id\":\"https:\\\/\\\/brault-osteopathe.fr\\\/index.php\\\/osteopathe-val-doise\\\/faq-page\\\/#breadcrumb\",\"itemListElement\":[{\"@type\":\"ListItem\",\"position\":1,\"name\":\"Accueil\",\"item\":\"https:\\\/\\\/brault-osteopathe.fr\\\/\"},{\"@type\":\"ListItem\",\"position\":2,\"name\":\"Au cabinet\",\"item\":\"https:\\\/\\\/brault-osteopathe.fr\\\/index.php\\\/osteopathe-val-doise\\\/\"},{\"@type\":\"ListItem\",\"position\":3,\"name\":\"FAQ\"}]},{\"@type\":\"WebSite\",\"@id\":\"https:\\\/\\\/brault-osteopathe.fr\\\/#website\",\"url\":\"https:\\\/\\\/brault-osteopathe.fr\\\/\",\"name\":\"AB Ost\u00e9opathie\",\"description\":\"Votre ost\u00e9opathe \u00e0 Asni\u00e8res sur Oise\",\"potentialAction\":[{\"@type\":\"SearchAction\",\"target\":{\"@type\":\"EntryPoint\",\"urlTemplate\":\"https:\\\/\\\/brault-osteopathe.fr\\\/?s={search_term_string}\"},\"query-input\":{\"@type\":\"PropertyValueSpecification\",\"valueRequired\":true,\"valueName\":\"search_term_string\"}}],\"inLanguage\":\"fr-FR\"}]}<\/script>\n<!-- \/ Yoast SEO plugin. -->","yoast_head_json":{"title":"FAQ ost\u00e9opathe","description":"Faq ost\u00e9opathe - question r\u00e9ponse ost\u00e9opathe \u00e0 Asni\u00e8res sur Oise et en entreprise dans le Val d'Oise et l'Oise","robots":{"index":"index","follow":"follow","max-snippet":"max-snippet:-1","max-image-preview":"max-image-preview:large","max-video-preview":"max-video-preview:-1"},"canonical":"https:\/\/brault-osteopathe.fr\/index.php\/osteopathe-val-doise\/faq-page\/","og_locale":"fr_FR","og_type":"article","og_title":"FAQ ost\u00e9opathe","og_description":"Faq ost\u00e9opathe - question r\u00e9ponse ost\u00e9opathe \u00e0 Asni\u00e8res sur Oise et en entreprise dans le Val d'Oise et l'Oise","og_url":"https:\/\/brault-osteopathe.fr\/index.php\/osteopathe-val-doise\/faq-page\/","og_site_name":"AB Ost\u00e9opathie","article_modified_time":"2024-11-05T14:59:00+00:00","og_image":[{"url":"https:\/\/brault-osteopathe.fr\/wp-content\/uploads\/2024\/10\/Logo-alt-format-web.png","type":"","width":"","height":""}],"twitter_card":"summary_large_image","twitter_misc":{"Dur\u00e9e de lecture estim\u00e9e":"1 minute"},"schema":{"@context":"https:\/\/schema.org","@graph":[{"@type":"WebPage","@id":"https:\/\/brault-osteopathe.fr\/index.php\/osteopathe-val-doise\/faq-page\/","url":"https:\/\/brault-osteopathe.fr\/index.php\/osteopathe-val-doise\/faq-page\/","name":"FAQ ost\u00e9opathe","isPartOf":{"@id":"https:\/\/brault-osteopathe.fr\/#website"},"primaryImageOfPage":{"@id":"https:\/\/brault-osteopathe.fr\/index.php\/osteopathe-val-doise\/faq-page\/#primaryimage"},"image":{"@id":"https:\/\/brault-osteopathe.fr\/index.php\/osteopathe-val-doise\/faq-page\/#primaryimage"},"thumbnailUrl":"https:\/\/brault-osteopathe.fr\/wp-content\/uploads\/2024\/10\/Logo-alt-format-web.png","datePublished":"2023-09-03T15:21:12+00:00","dateModified":"2024-11-05T14:59:00+00:00","description":"Faq ost\u00e9opathe - question r\u00e9ponse ost\u00e9opathe \u00e0 Asni\u00e8res sur Oise et en entreprise dans le Val d'Oise et l'Oise","breadcrumb":{"@id":"https:\/\/brault-osteopathe.fr\/index.php\/osteopathe-val-doise\/faq-page\/#breadcrumb"},"inLanguage":"fr-FR","potentialAction":[{"@type":"ReadAction","target":["https:\/\/brault-osteopathe.fr\/index.php\/osteopathe-val-doise\/faq-page\/"]}]},{"@type":"ImageObject","inLanguage":"fr-FR","@id":"https:\/\/brault-osteopathe.fr\/index.php\/osteopathe-val-doise\/faq-page\/#primaryimage","url":"https:\/\/brault-osteopathe.fr\/wp-content\/uploads\/2024\/10\/Logo-alt-format-web.png","contentUrl":"https:\/\/brault-osteopathe.fr\/wp-content\/uploads\/2024\/10\/Logo-alt-format-web.png","width":1920,"height":1080,"caption":"FAQ ost\u00e9opathe Asni\u00e8res sur Oise"},{"@type":"BreadcrumbList","@id":"https:\/\/brault-osteopathe.fr\/index.php\/osteopathe-val-doise\/faq-page\/#breadcrumb","itemListElement":[{"@type":"ListItem","position":1,"name":"Accueil","item":"https:\/\/brault-osteopathe.fr\/"},{"@type":"ListItem","position":2,"name":"Au cabinet","item":"https:\/\/brault-osteopathe.fr\/index.php\/osteopathe-val-doise\/"},{"@type":"ListItem","position":3,"name":"FAQ"}]},{"@type":"WebSite","@id":"https:\/\/brault-osteopathe.fr\/#website","url":"https:\/\/brault-osteopathe.fr\/","name":"AB Ost\u00e9opathie","description":"Votre ost\u00e9opathe \u00e0 Asni\u00e8res sur Oise","potentialAction":[{"@type":"SearchAction","target":{"@type":"EntryPoint","urlTemplate":"https:\/\/brault-osteopathe.fr\/?s={search_term_string}"},"query-input":{"@type":"PropertyValueSpecification","valueRequired":true,"valueName":"search_term_string"}}],"inLanguage":"fr-FR"}]}},"_links":{"self":[{"href":"https:\/\/brault-osteopathe.fr\/index.php\/wp-json\/wp\/v2\/pages\/7975","targetHints":{"allow":["GET"]}}],"collection":[{"href":"https:\/\/brault-osteopathe.fr\/index.php\/wp-json\/wp\/v2\/pages"}],"about":[{"href":"https:\/\/brault-osteopathe.fr\/index.php\/wp-json\/wp\/v2\/types\/page"}],"author":[{"embeddable":true,"href":"https:\/\/brault-osteopathe.fr\/index.php\/wp-json\/wp\/v2\/users\/5"}],"replies":[{"embeddable":true,"href":"https:\/\/brault-osteopathe.fr\/index.php\/wp-json\/wp\/v2\/comments?post=7975"}],"version-history":[{"count":20,"href":"https:\/\/brault-osteopathe.fr\/index.php\/wp-json\/wp\/v2\/pages\/7975\/revisions"}],"predecessor-version":[{"id":8713,"href":"https:\/\/brault-osteopathe.fr\/index.php\/wp-json\/wp\/v2\/pages\/7975\/revisions\/8713"}],"up":[{"embeddable":true,"href":"https:\/\/brault-osteopathe.fr\/index.php\/wp-json\/wp\/v2\/pages\/7926"}],"wp:attachment":[{"href":"https:\/\/brault-osteopathe.fr\/index.php\/wp-json\/wp\/v2\/media?parent=7975"}],"curies":[{"name":"wp","href":"https:\/\/api.w.org\/{rel}","templated":true}]}}