{"id":7958,"date":"2023-09-03T11:23:00","date_gmt":"2023-09-03T11:23:00","guid":{"rendered":"https:\/\/export-demos.qreativethemes.com\/elementor-physio\/?page_id=7958"},"modified":"2024-12-31T14:56:42","modified_gmt":"2024-12-31T13:56:42","slug":"tarifs-osteopathe","status":"publish","type":"page","link":"https:\/\/brault-osteopathe.fr\/index.php\/osteopathe-val-doise\/tarifs-osteopathe\/","title":{"rendered":"Tarifs"},"content":{"rendered":"\t\t<div data-elementor-type=\"wp-page\" data-elementor-id=\"7958\" class=\"elementor elementor-7958\">\n\t\t\t\t\t\t<section class=\"elementor-section elementor-top-section elementor-element elementor-element-32d9610 elementor-section-boxed elementor-section-height-default elementor-section-height-default\" data-id=\"32d9610\" data-element_type=\"section\" data-e-type=\"section\">\n\t\t\t\t\t\t<div class=\"elementor-container elementor-column-gap-default\">\n\t\t\t\t\t<div class=\"elementor-column elementor-col-100 elementor-top-column elementor-element elementor-element-93e8529\" data-id=\"93e8529\" data-element_type=\"column\" data-e-type=\"column\">\n\t\t\t<div class=\"elementor-widget-wrap elementor-element-populated\">\n\t\t\t\t\t\t<div class=\"elementor-element elementor-element-8daf275 elementor-widget elementor-widget-text-editor\" data-id=\"8daf275\" data-element_type=\"widget\" data-e-type=\"widget\" data-widget_type=\"text-editor.default\">\n\t\t\t\t<div class=\"elementor-widget-container\">\n\t\t\t\t\t\t\t\t\t<h2>Retrouvez les tarifs de votre ost\u00e9opathe<\/h2>\t\t\t\t\t\t\t\t<\/div>\n\t\t\t\t<\/div>\n\t\t\t\t\t<\/div>\n\t\t<\/div>\n\t\t\t\t\t<\/div>\n\t\t<\/section>\n\t\t\t\t<section class=\"elementor-section elementor-top-section elementor-element elementor-element-da0d38b elementor-section-boxed elementor-section-height-default elementor-section-height-default\" data-id=\"da0d38b\" data-element_type=\"section\" data-e-type=\"section\">\n\t\t\t\t\t\t<div class=\"elementor-container elementor-column-gap-extended\">\n\t\t\t\t\t<div class=\"elementor-column elementor-col-100 elementor-top-column elementor-element elementor-element-1743c0b\" data-id=\"1743c0b\" data-element_type=\"column\" data-e-type=\"column\">\n\t\t\t<div class=\"elementor-widget-wrap elementor-element-populated\">\n\t\t\t\t\t\t<div class=\"elementor-element elementor-element-56e9ac0 elementor-widget elementor-widget-qt-custom-heading\" data-id=\"56e9ac0\" data-element_type=\"widget\" data-e-type=\"widget\" data-widget_type=\"qt-custom-heading.default\">\n\t\t\t\t<div class=\"elementor-widget-container\">\n\t\t\t\t\t            <div class=\"custom-heading\">\n                <h2 class=\"widget-title\"><span class=\"normal\">Tarif<\/span> consultation<br \/>\n<\/h2>\n            <\/div>\n        \t\t\t\t<\/div>\n\t\t\t\t<\/div>\n\t\t\t\t<div class=\"elementor-element elementor-element-8404f40 elementor-widget elementor-widget-shortcode\" data-id=\"8404f40\" data-element_type=\"widget\" data-e-type=\"widget\" data-widget_type=\"shortcode.default\">\n\t\t\t\t<div class=\"elementor-widget-container\">\n\t\t\t\t\t\t\t<div class=\"elementor-shortcode\"><table class=\"qt-table default\"><thead><td>Type de consultation<\/td><td> <\/td><td> Prix<\/td><\/thead><tr><td>\nAu cabinet<\/td><td> <\/td><td> 65\u20ac<\/td><\/tr><td>\nJour f\u00e9ri\u00e9 (+ dimanche)<\/td><td>  <\/td><td> 70\u20ac<\/td><\/tr><td>\nAu domicile (-15km)<\/td><td> <\/td><td> 80\u20ac<\/td><\/tr><td>\nAu domicile (+15km)<\/td><td> <\/td><td> Sur devis<\/td><\/tr><td>\n\nEn entreprise<\/td><td> <\/td><td> Sur devis\n<\/td><\/tr><\/table><\/div>\n\t\t\t\t\t\t<\/div>\n\t\t\t\t<\/div>\n\t\t\t\t<div class=\"elementor-element elementor-element-80b5b92 elementor-align-center elementor-widget elementor-widget-qt-button\" data-id=\"80b5b92\" data-element_type=\"widget\" data-e-type=\"widget\" data-widget_type=\"qt-button.default\">\n\t\t\t\t<div class=\"elementor-widget-container\">\n\t\t\t\t\t        <a href=\"https:\/\/brault-osteopathe.fr\/index.php\/osteopathe-en-entreprise\/\" class=\"btn btn-primary\">\n            Pour remplir le formulaire ost\u00e9opathe en entreprise cliquez ici<\/a>\n        \n        \t\t\t\t<\/div>\n\t\t\t\t<\/div>\n\t\t\t\t\t<\/div>\n\t\t<\/div>\n\t\t\t\t\t<\/div>\n\t\t<\/section>\n\t\t\t\t<section class=\"elementor-section elementor-top-section elementor-element elementor-element-8be2f22 elementor-section-boxed elementor-section-height-default elementor-section-height-default\" data-id=\"8be2f22\" data-element_type=\"section\" data-e-type=\"section\">\n\t\t\t\t\t\t<div class=\"elementor-container elementor-column-gap-default\">\n\t\t\t\t\t<div class=\"elementor-column elementor-col-100 elementor-top-column elementor-element elementor-element-c183a03\" data-id=\"c183a03\" data-element_type=\"column\" data-e-type=\"column\">\n\t\t\t<div class=\"elementor-widget-wrap elementor-element-populated\">\n\t\t\t\t\t\t<div class=\"elementor-element elementor-element-cfc30ca elementor-widget elementor-widget-qt-custom-heading\" data-id=\"cfc30ca\" data-element_type=\"widget\" data-e-type=\"widget\" data-widget_type=\"qt-custom-heading.default\">\n\t\t\t\t<div class=\"elementor-widget-container\">\n\t\t\t\t\t            <div class=\"custom-heading\">\n                <h3 class=\"widget-title\"><span class=\"normal\">Informations<\/span> additionelles<\/h3>\n            <\/div>\n        \t\t\t\t<\/div>\n\t\t\t\t<\/div>\n\t\t\t\t<div class=\"elementor-element elementor-element-2df697f elementor-widget elementor-widget-text-editor\" data-id=\"2df697f\" data-element_type=\"widget\" data-e-type=\"widget\" data-widget_type=\"text-editor.default\">\n\t\t\t\t<div class=\"elementor-widget-container\">\n\t\t\t\t\t\t\t\t\t<h4><span style=\"text-decoration: underline;\">Moyen de paiement<\/span> : Ch\u00e8que, esp\u00e8ces, paylib, virement.<\/h4><p>L&rsquo;ost\u00e9opathie n&rsquo;est pas prise en charge par la s\u00e9curit\u00e9 sociale mais l&rsquo;est peut-\u00eatre par votre <strong>mutuelle<\/strong>.<\/p><p>Les <strong>entreprises<\/strong> ont des <strong>aides<\/strong> disponibles pour les investissement dans la pr\u00e9vention des risques professionnels et la sant\u00e9 au travail.<\/p>\t\t\t\t\t\t\t\t<\/div>\n\t\t\t\t<\/div>\n\t\t\t\t\t<\/div>\n\t\t<\/div>\n\t\t\t\t\t<\/div>\n\t\t<\/section>\n\t\t\t\t<section class=\"elementor-section elementor-top-section elementor-element elementor-element-8e1d983 elementor-section-boxed elementor-section-height-default elementor-section-height-default\" data-id=\"8e1d983\" data-element_type=\"section\" data-e-type=\"section\">\n\t\t\t\t\t\t<div class=\"elementor-container elementor-column-gap-default\">\n\t\t\t\t\t<div class=\"elementor-column elementor-col-100 elementor-top-column elementor-element elementor-element-bf68b51\" data-id=\"bf68b51\" data-element_type=\"column\" data-e-type=\"column\">\n\t\t\t<div class=\"elementor-widget-wrap elementor-element-populated\">\n\t\t\t\t\t\t<div class=\"elementor-element elementor-element-28ccae4 elementor-widget elementor-widget-image\" data-id=\"28ccae4\" data-element_type=\"widget\" data-e-type=\"widget\" data-widget_type=\"image.default\">\n\t\t\t\t<div class=\"elementor-widget-container\">\n\t\t\t\t\t\t\t\t\t\t\t\t\t\t\t<img fetchpriority=\"high\" decoding=\"async\" width=\"1024\" height=\"576\" src=\"https:\/\/brault-osteopathe.fr\/wp-content\/uploads\/2024\/10\/Logo-blanc-format-web-1-1024x576.png\" class=\"attachment-large size-large wp-image-32\" alt=\"Tarifs ost\u00e9opathe Axel Brault en cabinet \u00e0 Asni\u00e8res sur Oise ou en entreprise\" srcset=\"https:\/\/brault-osteopathe.fr\/wp-content\/uploads\/2024\/10\/Logo-blanc-format-web-1-1024x576.png 1024w, https:\/\/brault-osteopathe.fr\/wp-content\/uploads\/2024\/10\/Logo-blanc-format-web-1-300x169.png 300w, https:\/\/brault-osteopathe.fr\/wp-content\/uploads\/2024\/10\/Logo-blanc-format-web-1-768x432.png 768w, https:\/\/brault-osteopathe.fr\/wp-content\/uploads\/2024\/10\/Logo-blanc-format-web-1-1536x864.png 1536w, https:\/\/brault-osteopathe.fr\/wp-content\/uploads\/2024\/10\/Logo-blanc-format-web-1.png 1920w\" sizes=\"(max-width: 1024px) 100vw, 1024px\" \/>\t\t\t\t\t\t\t\t\t\t\t\t\t\t\t<\/div>\n\t\t\t\t<\/div>\n\t\t\t\t\t<\/div>\n\t\t<\/div>\n\t\t\t\t\t<\/div>\n\t\t<\/section>\n\t\t\t\t<section class=\"elementor-section elementor-top-section elementor-element elementor-element-be64644 elementor-section-boxed elementor-section-height-default elementor-section-height-default\" data-id=\"be64644\" data-element_type=\"section\" data-e-type=\"section\">\n\t\t\t\t\t\t<div class=\"elementor-container elementor-column-gap-default\">\n\t\t\t\t\t<div class=\"elementor-column elementor-col-100 elementor-top-column elementor-element elementor-element-66a5c3e\" data-id=\"66a5c3e\" data-element_type=\"column\" data-e-type=\"column\">\n\t\t\t<div class=\"elementor-widget-wrap elementor-element-populated\">\n\t\t\t\t\t\t<div class=\"elementor-element elementor-element-7589bde elementor-align-center elementor-widget elementor-widget-qt-button\" data-id=\"7589bde\" data-element_type=\"widget\" data-e-type=\"widget\" data-widget_type=\"qt-button.default\">\n\t\t\t\t<div class=\"elementor-widget-container\">\n\t\t\t\t\t        <a href=\"https:\/\/www.doctolib.fr\/osteopathe\/asnieres-sur-oise\/axel-brault\/booking\/motives?specialityId=10&#038;telehealth=false&#038;placeId=practice-84593&#038;profile_skipped=true&#038;bookingFunnelSource=external_referral\" class=\"btn btn-primary\" target=\"_blank\">\n            Prendre rendez-vous en ligne <\/a>\n        \n        \t\t\t\t<\/div>\n\t\t\t\t<\/div>\n\t\t\t\t\t<\/div>\n\t\t<\/div>\n\t\t\t\t\t<\/div>\n\t\t<\/section>\n\t\t\t\t<\/div>\n\t\t","protected":false},"excerpt":{"rendered":"<p>Retrouvez les tarifs de votre ost\u00e9opathe Tarif consultation Pour remplir le formulaire ost\u00e9opathe en entreprise cliquez ici Informations additionelles Moyen de paiement : Ch\u00e8que, esp\u00e8ces, paylib, virement. L&rsquo;ost\u00e9opathie n&rsquo;est pas prise en charge par la s\u00e9curit\u00e9 sociale mais l&rsquo;est peut-\u00eatre par votre mutuelle. Les entreprises ont des aides disponibles pour les investissement dans la pr\u00e9vention [&hellip;]<\/p>\n","protected":false},"author":5,"featured_media":0,"parent":7926,"menu_order":0,"comment_status":"closed","ping_status":"closed","template":"","meta":{"_acf_changed":false,"footnotes":""},"class_list":["post-7958","page","type-page","status-publish","hentry"],"acf":[],"yoast_head":"<!-- This site is optimized with the Yoast SEO plugin v27.1.1 - https:\/\/yoast.com\/product\/yoast-seo-wordpress\/ -->\n<title>Tarifs ost\u00e9opathe - Axel Brault<\/title>\n<meta name=\"description\" content=\"Retrouvez les informations sur les tarifs de consultation de votre ost\u00e9opathe Axel Brault au cabinet \u00e0 Asni\u00e8res sur Oise et en entreprise\" \/>\n<meta name=\"robots\" content=\"index, follow, max-snippet:-1, max-image-preview:large, max-video-preview:-1\" \/>\n<link rel=\"canonical\" href=\"https:\/\/brault-osteopathe.fr\/index.php\/osteopathe-val-doise\/tarifs-osteopathe\/\" \/>\n<meta property=\"og:locale\" content=\"fr_FR\" \/>\n<meta property=\"og:type\" content=\"article\" \/>\n<meta property=\"og:title\" content=\"Tarifs ost\u00e9opathe - Axel Brault\" \/>\n<meta property=\"og:description\" content=\"Retrouvez les informations sur les tarifs de consultation de votre ost\u00e9opathe Axel Brault au cabinet \u00e0 Asni\u00e8res sur Oise et en entreprise\" \/>\n<meta property=\"og:url\" content=\"https:\/\/brault-osteopathe.fr\/index.php\/osteopathe-val-doise\/tarifs-osteopathe\/\" \/>\n<meta property=\"og:site_name\" content=\"AB Ost\u00e9opathie\" \/>\n<meta property=\"article:modified_time\" content=\"2024-12-31T13:56:42+00:00\" \/>\n<meta property=\"og:image\" content=\"https:\/\/brault-osteopathe.fr\/wp-content\/uploads\/2024\/10\/Logo-blanc-format-web-1.png\" \/>\n\t<meta property=\"og:image:width\" content=\"1920\" \/>\n\t<meta property=\"og:image:height\" content=\"1080\" \/>\n\t<meta property=\"og:image:type\" content=\"image\/png\" \/>\n<meta name=\"twitter:card\" content=\"summary_large_image\" \/>\n<meta name=\"twitter:label1\" content=\"Dur\u00e9e de lecture estim\u00e9e\" \/>\n\t<meta name=\"twitter:data1\" content=\"1 minute\" \/>\n<script type=\"application\/ld+json\" class=\"yoast-schema-graph\">{\"@context\":\"https:\/\/schema.org\",\"@graph\":[{\"@type\":\"WebPage\",\"@id\":\"https:\/\/brault-osteopathe.fr\/index.php\/osteopathe-val-doise\/tarifs-osteopathe\/\",\"url\":\"https:\/\/brault-osteopathe.fr\/index.php\/osteopathe-val-doise\/tarifs-osteopathe\/\",\"name\":\"Tarifs ost\u00e9opathe - Axel Brault\",\"isPartOf\":{\"@id\":\"https:\/\/brault-osteopathe.fr\/#website\"},\"primaryImageOfPage\":{\"@id\":\"https:\/\/brault-osteopathe.fr\/index.php\/osteopathe-val-doise\/tarifs-osteopathe\/#primaryimage\"},\"image\":{\"@id\":\"https:\/\/brault-osteopathe.fr\/index.php\/osteopathe-val-doise\/tarifs-osteopathe\/#primaryimage\"},\"thumbnailUrl\":\"https:\/\/brault-osteopathe.fr\/wp-content\/uploads\/2024\/10\/Logo-blanc-format-web-1-1024x576.png\",\"datePublished\":\"2023-09-03T11:23:00+00:00\",\"dateModified\":\"2024-12-31T13:56:42+00:00\",\"description\":\"Retrouvez les informations sur les tarifs de consultation de votre ost\u00e9opathe Axel Brault au cabinet \u00e0 Asni\u00e8res sur Oise et en entreprise\",\"breadcrumb\":{\"@id\":\"https:\/\/brault-osteopathe.fr\/index.php\/osteopathe-val-doise\/tarifs-osteopathe\/#breadcrumb\"},\"inLanguage\":\"fr-FR\",\"potentialAction\":[{\"@type\":\"ReadAction\",\"target\":[\"https:\/\/brault-osteopathe.fr\/index.php\/osteopathe-val-doise\/tarifs-osteopathe\/\"]}]},{\"@type\":\"ImageObject\",\"inLanguage\":\"fr-FR\",\"@id\":\"https:\/\/brault-osteopathe.fr\/index.php\/osteopathe-val-doise\/tarifs-osteopathe\/#primaryimage\",\"url\":\"https:\/\/brault-osteopathe.fr\/wp-content\/uploads\/2024\/10\/Logo-blanc-format-web-1.png\",\"contentUrl\":\"https:\/\/brault-osteopathe.fr\/wp-content\/uploads\/2024\/10\/Logo-blanc-format-web-1.png\",\"width\":1920,\"height\":1080,\"caption\":\"Tarifs ost\u00e9opathe Axel Brault en cabinet \u00e0 Asni\u00e8res sur Oise ou en entreprise\"},{\"@type\":\"BreadcrumbList\",\"@id\":\"https:\/\/brault-osteopathe.fr\/index.php\/osteopathe-val-doise\/tarifs-osteopathe\/#breadcrumb\",\"itemListElement\":[{\"@type\":\"ListItem\",\"position\":1,\"name\":\"Accueil\",\"item\":\"https:\/\/brault-osteopathe.fr\/\"},{\"@type\":\"ListItem\",\"position\":2,\"name\":\"Au cabinet\",\"item\":\"https:\/\/brault-osteopathe.fr\/index.php\/osteopathe-val-doise\/\"},{\"@type\":\"ListItem\",\"position\":3,\"name\":\"Tarifs\"}]},{\"@type\":\"WebSite\",\"@id\":\"https:\/\/brault-osteopathe.fr\/#website\",\"url\":\"https:\/\/brault-osteopathe.fr\/\",\"name\":\"AB Ost\u00e9opathie\",\"description\":\"Votre ost\u00e9opathe \u00e0 Asni\u00e8res sur Oise\",\"potentialAction\":[{\"@type\":\"SearchAction\",\"target\":{\"@type\":\"EntryPoint\",\"urlTemplate\":\"https:\/\/brault-osteopathe.fr\/?s={search_term_string}\"},\"query-input\":{\"@type\":\"PropertyValueSpecification\",\"valueRequired\":true,\"valueName\":\"search_term_string\"}}],\"inLanguage\":\"fr-FR\"}]}<\/script>\n<!-- \/ Yoast SEO plugin. -->","yoast_head_json":{"title":"Tarifs ost\u00e9opathe - Axel Brault","description":"Retrouvez les informations sur les tarifs de consultation de votre ost\u00e9opathe Axel Brault au cabinet \u00e0 Asni\u00e8res sur Oise et en entreprise","robots":{"index":"index","follow":"follow","max-snippet":"max-snippet:-1","max-image-preview":"max-image-preview:large","max-video-preview":"max-video-preview:-1"},"canonical":"https:\/\/brault-osteopathe.fr\/index.php\/osteopathe-val-doise\/tarifs-osteopathe\/","og_locale":"fr_FR","og_type":"article","og_title":"Tarifs ost\u00e9opathe - Axel Brault","og_description":"Retrouvez les informations sur les tarifs de consultation de votre ost\u00e9opathe Axel Brault au cabinet \u00e0 Asni\u00e8res sur Oise et en entreprise","og_url":"https:\/\/brault-osteopathe.fr\/index.php\/osteopathe-val-doise\/tarifs-osteopathe\/","og_site_name":"AB Ost\u00e9opathie","article_modified_time":"2024-12-31T13:56:42+00:00","og_image":[{"width":1920,"height":1080,"url":"https:\/\/brault-osteopathe.fr\/wp-content\/uploads\/2024\/10\/Logo-blanc-format-web-1.png","type":"image\/png"}],"twitter_card":"summary_large_image","twitter_misc":{"Dur\u00e9e de lecture estim\u00e9e":"1 minute"},"schema":{"@context":"https:\/\/schema.org","@graph":[{"@type":"WebPage","@id":"https:\/\/brault-osteopathe.fr\/index.php\/osteopathe-val-doise\/tarifs-osteopathe\/","url":"https:\/\/brault-osteopathe.fr\/index.php\/osteopathe-val-doise\/tarifs-osteopathe\/","name":"Tarifs ost\u00e9opathe - Axel Brault","isPartOf":{"@id":"https:\/\/brault-osteopathe.fr\/#website"},"primaryImageOfPage":{"@id":"https:\/\/brault-osteopathe.fr\/index.php\/osteopathe-val-doise\/tarifs-osteopathe\/#primaryimage"},"image":{"@id":"https:\/\/brault-osteopathe.fr\/index.php\/osteopathe-val-doise\/tarifs-osteopathe\/#primaryimage"},"thumbnailUrl":"https:\/\/brault-osteopathe.fr\/wp-content\/uploads\/2024\/10\/Logo-blanc-format-web-1-1024x576.png","datePublished":"2023-09-03T11:23:00+00:00","dateModified":"2024-12-31T13:56:42+00:00","description":"Retrouvez les informations sur les tarifs de consultation de votre ost\u00e9opathe Axel Brault au cabinet \u00e0 Asni\u00e8res sur Oise et en entreprise","breadcrumb":{"@id":"https:\/\/brault-osteopathe.fr\/index.php\/osteopathe-val-doise\/tarifs-osteopathe\/#breadcrumb"},"inLanguage":"fr-FR","potentialAction":[{"@type":"ReadAction","target":["https:\/\/brault-osteopathe.fr\/index.php\/osteopathe-val-doise\/tarifs-osteopathe\/"]}]},{"@type":"ImageObject","inLanguage":"fr-FR","@id":"https:\/\/brault-osteopathe.fr\/index.php\/osteopathe-val-doise\/tarifs-osteopathe\/#primaryimage","url":"https:\/\/brault-osteopathe.fr\/wp-content\/uploads\/2024\/10\/Logo-blanc-format-web-1.png","contentUrl":"https:\/\/brault-osteopathe.fr\/wp-content\/uploads\/2024\/10\/Logo-blanc-format-web-1.png","width":1920,"height":1080,"caption":"Tarifs ost\u00e9opathe Axel Brault en cabinet \u00e0 Asni\u00e8res sur Oise ou en entreprise"},{"@type":"BreadcrumbList","@id":"https:\/\/brault-osteopathe.fr\/index.php\/osteopathe-val-doise\/tarifs-osteopathe\/#breadcrumb","itemListElement":[{"@type":"ListItem","position":1,"name":"Accueil","item":"https:\/\/brault-osteopathe.fr\/"},{"@type":"ListItem","position":2,"name":"Au cabinet","item":"https:\/\/brault-osteopathe.fr\/index.php\/osteopathe-val-doise\/"},{"@type":"ListItem","position":3,"name":"Tarifs"}]},{"@type":"WebSite","@id":"https:\/\/brault-osteopathe.fr\/#website","url":"https:\/\/brault-osteopathe.fr\/","name":"AB Ost\u00e9opathie","description":"Votre ost\u00e9opathe \u00e0 Asni\u00e8res sur Oise","potentialAction":[{"@type":"SearchAction","target":{"@type":"EntryPoint","urlTemplate":"https:\/\/brault-osteopathe.fr\/?s={search_term_string}"},"query-input":{"@type":"PropertyValueSpecification","valueRequired":true,"valueName":"search_term_string"}}],"inLanguage":"fr-FR"}]}},"_links":{"self":[{"href":"https:\/\/brault-osteopathe.fr\/index.php\/wp-json\/wp\/v2\/pages\/7958","targetHints":{"allow":["GET"]}}],"collection":[{"href":"https:\/\/brault-osteopathe.fr\/index.php\/wp-json\/wp\/v2\/pages"}],"about":[{"href":"https:\/\/brault-osteopathe.fr\/index.php\/wp-json\/wp\/v2\/types\/page"}],"author":[{"embeddable":true,"href":"https:\/\/brault-osteopathe.fr\/index.php\/wp-json\/wp\/v2\/users\/5"}],"replies":[{"embeddable":true,"href":"https:\/\/brault-osteopathe.fr\/index.php\/wp-json\/wp\/v2\/comments?post=7958"}],"version-history":[{"count":21,"href":"https:\/\/brault-osteopathe.fr\/index.php\/wp-json\/wp\/v2\/pages\/7958\/revisions"}],"predecessor-version":[{"id":8755,"href":"https:\/\/brault-osteopathe.fr\/index.php\/wp-json\/wp\/v2\/pages\/7958\/revisions\/8755"}],"up":[{"embeddable":true,"href":"https:\/\/brault-osteopathe.fr\/index.php\/wp-json\/wp\/v2\/pages\/7926"}],"wp:attachment":[{"href":"https:\/\/brault-osteopathe.fr\/index.php\/wp-json\/wp\/v2\/media?parent=7958"}],"curies":[{"name":"wp","href":"https:\/\/api.w.org\/{rel}","templated":true}]}}