{"id":7926,"date":"2023-09-03T10:07:16","date_gmt":"2023-09-03T10:07:16","guid":{"rendered":"https:\/\/export-demos.qreativethemes.com\/elementor-physio\/?page_id=7926"},"modified":"2024-11-07T16:54:35","modified_gmt":"2024-11-07T15:54:35","slug":"osteopathe-val-doise","status":"publish","type":"page","link":"https:\/\/brault-osteopathe.fr\/index.php\/osteopathe-val-doise\/","title":{"rendered":"Au cabinet"},"content":{"rendered":"\t\t<div data-elementor-type=\"wp-page\" data-elementor-id=\"7926\" class=\"elementor elementor-7926\">\n\t\t\t\t\t\t<section class=\"elementor-section elementor-top-section elementor-element elementor-element-96423ec elementor-section-boxed elementor-section-height-default elementor-section-height-default\" data-id=\"96423ec\" data-element_type=\"section\" data-e-type=\"section\">\n\t\t\t\t\t\t<div class=\"elementor-container elementor-column-gap-default\">\n\t\t\t\t\t<div class=\"elementor-column elementor-col-100 elementor-top-column elementor-element elementor-element-72bd2ac\" data-id=\"72bd2ac\" data-element_type=\"column\" data-e-type=\"column\">\n\t\t\t<div class=\"elementor-widget-wrap elementor-element-populated\">\n\t\t\t\t\t\t<div class=\"elementor-element elementor-element-9f7ae7f elementor-widget elementor-widget-text-editor\" data-id=\"9f7ae7f\" data-element_type=\"widget\" data-e-type=\"widget\" data-widget_type=\"text-editor.default\">\n\t\t\t\t<div class=\"elementor-widget-container\">\n\t\t\t\t\t\t\t\t\t<p>Votre ost\u00e9opathe en cabinet dans le Val d&rsquo;Oise et en entreprise dans le 95, 60 et 92&#8230;<\/p>\t\t\t\t\t\t\t\t<\/div>\n\t\t\t\t<\/div>\n\t\t\t\t<div class=\"elementor-element elementor-element-6e7026c elementor-widget elementor-widget-heading\" data-id=\"6e7026c\" data-element_type=\"widget\" data-e-type=\"widget\" data-widget_type=\"heading.default\">\n\t\t\t\t<div class=\"elementor-widget-container\">\n\t\t\t\t\t<h2 class=\"elementor-heading-title elementor-size-default\">L'ost\u00e9opathie<\/h2>\t\t\t\t<\/div>\n\t\t\t\t<\/div>\n\t\t\t\t<div class=\"elementor-element elementor-element-f108bbf elementor-widget elementor-widget-text-editor\" data-id=\"f108bbf\" data-element_type=\"widget\" data-e-type=\"widget\" data-widget_type=\"text-editor.default\">\n\t\t\t\t<div class=\"elementor-widget-container\">\n\t\t\t\t\t\t\t\t\t<p><strong>S\u2019adresse \u00e0 tous.<\/strong> Elle propose des techniques de soins adapt\u00e9es \u00e0 chaque patient, aussi bien aux nourrissons, aux enfants, aux adultes, aux sportifs, aux s\u00e9niors\u2026 C\u2019est une m\u00e9thode de soins qui s&#8217;emploie \u00e0 pr\u00e9venir, diagnostiquer et \u00e0 traiter les <strong>restrictions de mobilit\u00e9<\/strong> qui peuvent affecter l&rsquo;ensemble des structures composant le corps humain.<\/p><p>Chaque personne est <strong>unique<\/strong>, la consultation sera de ce fait elle aussi unique et diff\u00e9rente en fonction de chaque patient, m\u00eame si les motifs de consultation peuvent parfois \u00eatre similaires. Les techniques de traitement utilis\u00e9es seront toujours <strong>adapt\u00e9es<\/strong> aux besoins du patient et sp\u00e9cifiques selon sa pathologie.<\/p><h3>Maison de sant\u00e9<\/h3><p>Votre ost\u00e9opathe est situ\u00e9 au 7 rue de l&rsquo;atelier \u00e0 <strong>Asni\u00e8res sur Oise<\/strong> dans le Val d&rsquo;Oise. <strong>Parkings gratuits<\/strong> (places bleues avec disque). A l&rsquo;entr\u00e9e <strong>salle d&rsquo;attente<\/strong> commune avec les autres praticiens de la maison de sant\u00e9 de Royaumont (M\u00e9decins, infirmi\u00e8res, podologue, kin\u00e9sith\u00e9rapeutes, psychomotricienne, orthophonistes.)<\/p>\t\t\t\t\t\t\t\t<\/div>\n\t\t\t\t<\/div>\n\t\t\t\t<div class=\"elementor-element elementor-element-b5b9e0a elementor-widget elementor-widget-image\" data-id=\"b5b9e0a\" data-element_type=\"widget\" data-e-type=\"widget\" data-widget_type=\"image.default\">\n\t\t\t\t<div class=\"elementor-widget-container\">\n\t\t\t\t\t\t\t\t\t\t\t\t\t\t\t<img fetchpriority=\"high\" decoding=\"async\" width=\"1144\" height=\"50\" src=\"https:\/\/brault-osteopathe.fr\/wp-content\/uploads\/2015\/11\/image-divider.jpg\" class=\"attachment-full size-full wp-image-245\" alt=\"\" \/>\t\t\t\t\t\t\t\t\t\t\t\t\t\t\t<\/div>\n\t\t\t\t<\/div>\n\t\t\t\t<div class=\"elementor-element elementor-element-7701563 elementor-align-center elementor-widget elementor-widget-qt-button\" data-id=\"7701563\" data-element_type=\"widget\" data-e-type=\"widget\" data-widget_type=\"qt-button.default\">\n\t\t\t\t<div class=\"elementor-widget-container\">\n\t\t\t\t\t        <a href=\"https:\/\/brault-osteopathe.fr\/index.php\/l-osteopathie\/quand-consulter\/\" class=\"btn btn-primary\">\n            Pour savoir quand consulter cliquez ici <\/a>\n        \n        \t\t\t\t<\/div>\n\t\t\t\t<\/div>\n\t\t\t\t<div class=\"elementor-element elementor-element-26a8076 elementor-align-center elementor-widget elementor-widget-qt-button\" data-id=\"26a8076\" data-element_type=\"widget\" data-e-type=\"widget\" data-widget_type=\"qt-button.default\">\n\t\t\t\t<div class=\"elementor-widget-container\">\n\t\t\t\t\t        <a href=\"https:\/\/brault-osteopathe.fr\/index.php\/l-osteopathie\/consultation\/\" class=\"btn btn-primary\">\n            Pour connaitre le d\u00e9roul\u00e9 d&#039;une consultation cliquez ici<\/a>\n        \n        \t\t\t\t<\/div>\n\t\t\t\t<\/div>\n\t\t\t\t<div class=\"elementor-element elementor-element-5bf9952 elementor-widget elementor-widget-spacer\" data-id=\"5bf9952\" data-element_type=\"widget\" data-e-type=\"widget\" data-widget_type=\"spacer.default\">\n\t\t\t\t<div class=\"elementor-widget-container\">\n\t\t\t\t\t\t\t<div class=\"elementor-spacer\">\n\t\t\t<div class=\"elementor-spacer-inner\"><\/div>\n\t\t<\/div>\n\t\t\t\t\t\t<\/div>\n\t\t\t\t<\/div>\n\t\t\t\t\t<\/div>\n\t\t<\/div>\n\t\t\t\t\t<\/div>\n\t\t<\/section>\n\t\t\t\t<section class=\"elementor-section elementor-top-section elementor-element elementor-element-f73e3d2 elementor-section-boxed elementor-section-height-default elementor-section-height-default\" data-id=\"f73e3d2\" data-element_type=\"section\" data-e-type=\"section\">\n\t\t\t\t\t\t<div class=\"elementor-container elementor-column-gap-extended\">\n\t\t\t\t\t<div class=\"elementor-column elementor-col-100 elementor-top-column elementor-element elementor-element-25ec276\" data-id=\"25ec276\" data-element_type=\"column\" data-e-type=\"column\">\n\t\t\t<div class=\"elementor-widget-wrap elementor-element-populated\">\n\t\t\t\t\t\t<div class=\"elementor-element elementor-element-44ce5c9 elementor-widget elementor-widget-image\" data-id=\"44ce5c9\" data-element_type=\"widget\" data-e-type=\"widget\" data-widget_type=\"image.default\">\n\t\t\t\t<div class=\"elementor-widget-container\">\n\t\t\t\t\t\t\t\t\t\t\t\t\t\t\t<img fetchpriority=\"high\" decoding=\"async\" width=\"1144\" height=\"50\" src=\"https:\/\/brault-osteopathe.fr\/wp-content\/uploads\/2015\/11\/image-divider.jpg\" class=\"attachment-full size-full wp-image-245\" alt=\"\" \/>\t\t\t\t\t\t\t\t\t\t\t\t\t\t\t<\/div>\n\t\t\t\t<\/div>\n\t\t\t\t\t<\/div>\n\t\t<\/div>\n\t\t\t\t\t<\/div>\n\t\t<\/section>\n\t\t\t\t<section class=\"elementor-section elementor-top-section elementor-element elementor-element-f6a34b0 elementor-section-boxed elementor-section-height-default elementor-section-height-default\" data-id=\"f6a34b0\" data-element_type=\"section\" data-e-type=\"section\">\n\t\t\t\t\t\t<div class=\"elementor-container elementor-column-gap-default\">\n\t\t\t\t\t<div class=\"elementor-column elementor-col-100 elementor-top-column elementor-element elementor-element-3efbdda\" data-id=\"3efbdda\" data-element_type=\"column\" data-e-type=\"column\">\n\t\t\t<div class=\"elementor-widget-wrap elementor-element-populated\">\n\t\t\t\t\t\t<div class=\"elementor-element elementor-element-1470299 elementor-widget elementor-widget-image\" data-id=\"1470299\" data-element_type=\"widget\" data-e-type=\"widget\" data-widget_type=\"image.default\">\n\t\t\t\t<div class=\"elementor-widget-container\">\n\t\t\t\t\t\t\t\t\t\t\t\t\t\t\t<img decoding=\"async\" width=\"768\" height=\"576\" src=\"https:\/\/brault-osteopathe.fr\/wp-content\/uploads\/2024\/10\/Cabinet-768x576.jpeg\" class=\"attachment-medium_large size-medium_large wp-image-63\" alt=\"Ost\u00e9opathe val d&#039;oise 95 en entreprise\" srcset=\"https:\/\/brault-osteopathe.fr\/wp-content\/uploads\/2024\/10\/Cabinet-768x576.jpeg 768w, https:\/\/brault-osteopathe.fr\/wp-content\/uploads\/2024\/10\/Cabinet-300x225.jpeg 300w, https:\/\/brault-osteopathe.fr\/wp-content\/uploads\/2024\/10\/Cabinet-1024x768.jpeg 1024w, https:\/\/brault-osteopathe.fr\/wp-content\/uploads\/2024\/10\/Cabinet-1536x1152.jpeg 1536w, https:\/\/brault-osteopathe.fr\/wp-content\/uploads\/2024\/10\/Cabinet.jpeg 2048w\" sizes=\"(max-width: 768px) 100vw, 768px\" \/>\t\t\t\t\t\t\t\t\t\t\t\t\t\t\t<\/div>\n\t\t\t\t<\/div>\n\t\t\t\t\t<\/div>\n\t\t<\/div>\n\t\t\t\t\t<\/div>\n\t\t<\/section>\n\t\t\t\t<section class=\"elementor-section elementor-top-section elementor-element elementor-element-7389bd8 elementor-section-boxed elementor-section-height-default elementor-section-height-default\" data-id=\"7389bd8\" data-element_type=\"section\" data-e-type=\"section\">\n\t\t\t\t\t\t<div class=\"elementor-container elementor-column-gap-default\">\n\t\t\t\t\t<div class=\"elementor-column elementor-col-100 elementor-top-column elementor-element elementor-element-246bd80\" data-id=\"246bd80\" data-element_type=\"column\" data-e-type=\"column\">\n\t\t\t<div class=\"elementor-widget-wrap elementor-element-populated\">\n\t\t\t\t\t\t<div class=\"elementor-element elementor-element-4eaed69 elementor-align-center elementor-widget elementor-widget-qt-button\" data-id=\"4eaed69\" data-element_type=\"widget\" data-e-type=\"widget\" data-widget_type=\"qt-button.default\">\n\t\t\t\t<div class=\"elementor-widget-container\">\n\t\t\t\t\t        <a href=\"https:\/\/brault-osteopathe.fr\/index.php\/osteopathe-en-entreprise\/\" class=\"btn btn-primary\" target=\"_blank\">\n            Prendre rdv en ligne<\/a>\n        \n        \t\t\t\t<\/div>\n\t\t\t\t<\/div>\n\t\t\t\t\t<\/div>\n\t\t<\/div>\n\t\t\t\t\t<\/div>\n\t\t<\/section>\n\t\t\t\t<\/div>\n\t\t","protected":false},"excerpt":{"rendered":"<p>Votre ost\u00e9opathe en cabinet dans le Val d&rsquo;Oise et en entreprise dans le 95, 60 et 92&#8230; L&rsquo;ost\u00e9opathie S\u2019adresse \u00e0 tous. Elle propose des techniques de soins adapt\u00e9es \u00e0 chaque patient, aussi bien aux nourrissons, aux enfants, aux adultes, aux sportifs, aux s\u00e9niors\u2026 C\u2019est une m\u00e9thode de soins qui s&#8217;emploie \u00e0 pr\u00e9venir, diagnostiquer et \u00e0 [&hellip;]<\/p>\n","protected":false},"author":5,"featured_media":0,"parent":0,"menu_order":0,"comment_status":"closed","ping_status":"closed","template":"","meta":{"_acf_changed":false,"footnotes":""},"class_list":["post-7926","page","type-page","status-publish","hentry"],"acf":[],"yoast_head":"<!-- This site is optimized with the Yoast SEO plugin v27.5 - https:\/\/yoast.com\/product\/yoast-seo-wordpress\/ -->\n<title>Ost\u00e9opathe Val d&#039;Oise<\/title>\n<meta name=\"description\" content=\"Retrouvez toutes les informations concernant votre ost\u00e9opathe dans le Val d&#039;Oise en cabinet et en entreprise.\" \/>\n<meta name=\"robots\" content=\"index, follow, max-snippet:-1, max-image-preview:large, max-video-preview:-1\" \/>\n<link rel=\"canonical\" href=\"https:\/\/brault-osteopathe.fr\/index.php\/osteopathe-val-doise\/\" \/>\n<meta property=\"og:locale\" content=\"fr_FR\" \/>\n<meta property=\"og:type\" content=\"article\" \/>\n<meta property=\"og:title\" content=\"Ost\u00e9opathe Val d&#039;Oise\" \/>\n<meta property=\"og:description\" content=\"Retrouvez toutes les informations concernant votre ost\u00e9opathe dans le Val d&#039;Oise en cabinet et en entreprise.\" \/>\n<meta property=\"og:url\" content=\"https:\/\/brault-osteopathe.fr\/index.php\/osteopathe-val-doise\/\" \/>\n<meta property=\"og:site_name\" content=\"AB Ost\u00e9opathie\" \/>\n<meta property=\"article:modified_time\" content=\"2024-11-07T15:54:35+00:00\" \/>\n<meta property=\"og:image\" content=\"https:\/\/brault-osteopathe.fr\/wp-content\/uploads\/2015\/11\/image-divider.jpg\" \/>\n\t<meta property=\"og:image:width\" content=\"1144\" \/>\n\t<meta property=\"og:image:height\" content=\"50\" \/>\n\t<meta property=\"og:image:type\" content=\"image\/jpeg\" \/>\n<meta name=\"twitter:card\" content=\"summary_large_image\" \/>\n<meta name=\"twitter:label1\" content=\"Dur\u00e9e de lecture estim\u00e9e\" \/>\n\t<meta name=\"twitter:data1\" content=\"2 minutes\" \/>\n<script type=\"application\/ld+json\" class=\"yoast-schema-graph\">{\"@context\":\"https:\\\/\\\/schema.org\",\"@graph\":[{\"@type\":\"WebPage\",\"@id\":\"https:\\\/\\\/brault-osteopathe.fr\\\/index.php\\\/osteopathe-val-doise\\\/\",\"url\":\"https:\\\/\\\/brault-osteopathe.fr\\\/index.php\\\/osteopathe-val-doise\\\/\",\"name\":\"Ost\u00e9opathe Val d'Oise\",\"isPartOf\":{\"@id\":\"https:\\\/\\\/brault-osteopathe.fr\\\/#website\"},\"primaryImageOfPage\":{\"@id\":\"https:\\\/\\\/brault-osteopathe.fr\\\/index.php\\\/osteopathe-val-doise\\\/#primaryimage\"},\"image\":{\"@id\":\"https:\\\/\\\/brault-osteopathe.fr\\\/index.php\\\/osteopathe-val-doise\\\/#primaryimage\"},\"thumbnailUrl\":\"https:\\\/\\\/brault-osteopathe.fr\\\/wp-content\\\/uploads\\\/2015\\\/11\\\/image-divider.jpg\",\"datePublished\":\"2023-09-03T10:07:16+00:00\",\"dateModified\":\"2024-11-07T15:54:35+00:00\",\"description\":\"Retrouvez toutes les informations concernant votre ost\u00e9opathe dans le Val d'Oise en cabinet et en entreprise.\",\"breadcrumb\":{\"@id\":\"https:\\\/\\\/brault-osteopathe.fr\\\/index.php\\\/osteopathe-val-doise\\\/#breadcrumb\"},\"inLanguage\":\"fr-FR\",\"potentialAction\":[{\"@type\":\"ReadAction\",\"target\":[\"https:\\\/\\\/brault-osteopathe.fr\\\/index.php\\\/osteopathe-val-doise\\\/\"]}]},{\"@type\":\"ImageObject\",\"inLanguage\":\"fr-FR\",\"@id\":\"https:\\\/\\\/brault-osteopathe.fr\\\/index.php\\\/osteopathe-val-doise\\\/#primaryimage\",\"url\":\"https:\\\/\\\/brault-osteopathe.fr\\\/wp-content\\\/uploads\\\/2015\\\/11\\\/image-divider.jpg\",\"contentUrl\":\"https:\\\/\\\/brault-osteopathe.fr\\\/wp-content\\\/uploads\\\/2015\\\/11\\\/image-divider.jpg\",\"width\":1144,\"height\":50},{\"@type\":\"BreadcrumbList\",\"@id\":\"https:\\\/\\\/brault-osteopathe.fr\\\/index.php\\\/osteopathe-val-doise\\\/#breadcrumb\",\"itemListElement\":[{\"@type\":\"ListItem\",\"position\":1,\"name\":\"Accueil\",\"item\":\"https:\\\/\\\/brault-osteopathe.fr\\\/\"},{\"@type\":\"ListItem\",\"position\":2,\"name\":\"Au cabinet\"}]},{\"@type\":\"WebSite\",\"@id\":\"https:\\\/\\\/brault-osteopathe.fr\\\/#website\",\"url\":\"https:\\\/\\\/brault-osteopathe.fr\\\/\",\"name\":\"AB Ost\u00e9opathie\",\"description\":\"Votre ost\u00e9opathe \u00e0 Asni\u00e8res sur Oise\",\"potentialAction\":[{\"@type\":\"SearchAction\",\"target\":{\"@type\":\"EntryPoint\",\"urlTemplate\":\"https:\\\/\\\/brault-osteopathe.fr\\\/?s={search_term_string}\"},\"query-input\":{\"@type\":\"PropertyValueSpecification\",\"valueRequired\":true,\"valueName\":\"search_term_string\"}}],\"inLanguage\":\"fr-FR\"}]}<\/script>\n<!-- \/ Yoast SEO plugin. -->","yoast_head_json":{"title":"Ost\u00e9opathe Val d'Oise","description":"Retrouvez toutes les informations concernant votre ost\u00e9opathe dans le Val d'Oise en cabinet et en entreprise.","robots":{"index":"index","follow":"follow","max-snippet":"max-snippet:-1","max-image-preview":"max-image-preview:large","max-video-preview":"max-video-preview:-1"},"canonical":"https:\/\/brault-osteopathe.fr\/index.php\/osteopathe-val-doise\/","og_locale":"fr_FR","og_type":"article","og_title":"Ost\u00e9opathe Val d'Oise","og_description":"Retrouvez toutes les informations concernant votre ost\u00e9opathe dans le Val d'Oise en cabinet et en entreprise.","og_url":"https:\/\/brault-osteopathe.fr\/index.php\/osteopathe-val-doise\/","og_site_name":"AB Ost\u00e9opathie","article_modified_time":"2024-11-07T15:54:35+00:00","og_image":[{"width":1144,"height":50,"url":"https:\/\/brault-osteopathe.fr\/wp-content\/uploads\/2015\/11\/image-divider.jpg","type":"image\/jpeg"}],"twitter_card":"summary_large_image","twitter_misc":{"Dur\u00e9e de lecture estim\u00e9e":"2 minutes"},"schema":{"@context":"https:\/\/schema.org","@graph":[{"@type":"WebPage","@id":"https:\/\/brault-osteopathe.fr\/index.php\/osteopathe-val-doise\/","url":"https:\/\/brault-osteopathe.fr\/index.php\/osteopathe-val-doise\/","name":"Ost\u00e9opathe Val d'Oise","isPartOf":{"@id":"https:\/\/brault-osteopathe.fr\/#website"},"primaryImageOfPage":{"@id":"https:\/\/brault-osteopathe.fr\/index.php\/osteopathe-val-doise\/#primaryimage"},"image":{"@id":"https:\/\/brault-osteopathe.fr\/index.php\/osteopathe-val-doise\/#primaryimage"},"thumbnailUrl":"https:\/\/brault-osteopathe.fr\/wp-content\/uploads\/2015\/11\/image-divider.jpg","datePublished":"2023-09-03T10:07:16+00:00","dateModified":"2024-11-07T15:54:35+00:00","description":"Retrouvez toutes les informations concernant votre ost\u00e9opathe dans le Val d'Oise en cabinet et en entreprise.","breadcrumb":{"@id":"https:\/\/brault-osteopathe.fr\/index.php\/osteopathe-val-doise\/#breadcrumb"},"inLanguage":"fr-FR","potentialAction":[{"@type":"ReadAction","target":["https:\/\/brault-osteopathe.fr\/index.php\/osteopathe-val-doise\/"]}]},{"@type":"ImageObject","inLanguage":"fr-FR","@id":"https:\/\/brault-osteopathe.fr\/index.php\/osteopathe-val-doise\/#primaryimage","url":"https:\/\/brault-osteopathe.fr\/wp-content\/uploads\/2015\/11\/image-divider.jpg","contentUrl":"https:\/\/brault-osteopathe.fr\/wp-content\/uploads\/2015\/11\/image-divider.jpg","width":1144,"height":50},{"@type":"BreadcrumbList","@id":"https:\/\/brault-osteopathe.fr\/index.php\/osteopathe-val-doise\/#breadcrumb","itemListElement":[{"@type":"ListItem","position":1,"name":"Accueil","item":"https:\/\/brault-osteopathe.fr\/"},{"@type":"ListItem","position":2,"name":"Au cabinet"}]},{"@type":"WebSite","@id":"https:\/\/brault-osteopathe.fr\/#website","url":"https:\/\/brault-osteopathe.fr\/","name":"AB Ost\u00e9opathie","description":"Votre ost\u00e9opathe \u00e0 Asni\u00e8res sur Oise","potentialAction":[{"@type":"SearchAction","target":{"@type":"EntryPoint","urlTemplate":"https:\/\/brault-osteopathe.fr\/?s={search_term_string}"},"query-input":{"@type":"PropertyValueSpecification","valueRequired":true,"valueName":"search_term_string"}}],"inLanguage":"fr-FR"}]}},"_links":{"self":[{"href":"https:\/\/brault-osteopathe.fr\/index.php\/wp-json\/wp\/v2\/pages\/7926","targetHints":{"allow":["GET"]}}],"collection":[{"href":"https:\/\/brault-osteopathe.fr\/index.php\/wp-json\/wp\/v2\/pages"}],"about":[{"href":"https:\/\/brault-osteopathe.fr\/index.php\/wp-json\/wp\/v2\/types\/page"}],"author":[{"embeddable":true,"href":"https:\/\/brault-osteopathe.fr\/index.php\/wp-json\/wp\/v2\/users\/5"}],"replies":[{"embeddable":true,"href":"https:\/\/brault-osteopathe.fr\/index.php\/wp-json\/wp\/v2\/comments?post=7926"}],"version-history":[{"count":30,"href":"https:\/\/brault-osteopathe.fr\/index.php\/wp-json\/wp\/v2\/pages\/7926\/revisions"}],"predecessor-version":[{"id":8747,"href":"https:\/\/brault-osteopathe.fr\/index.php\/wp-json\/wp\/v2\/pages\/7926\/revisions\/8747"}],"wp:attachment":[{"href":"https:\/\/brault-osteopathe.fr\/index.php\/wp-json\/wp\/v2\/media?parent=7926"}],"curies":[{"name":"wp","href":"https:\/\/api.w.org\/{rel}","templated":true}]}}